{"id":10266,"date":"2024-06-11T16:43:53","date_gmt":"2024-06-11T14:43:53","guid":{"rendered":"https:\/\/twoagency.sk\/nafukovacie-balony\/"},"modified":"2024-07-18T09:43:22","modified_gmt":"2024-07-18T07:43:22","slug":"werbeballoons","status":"publish","type":"page","link":"https:\/\/twoagency.sk\/de\/galerie\/werbeballoons\/","title":{"rendered":"Werbeballoons"},"content":{"rendered":"<p>[vc_row rt_row_background_width=&#8220;fullwidth&#8220; rt_row_content_width=&#8220;default&#8220; rt_row_style=&#8220;default-style&#8220; rt_row_height=&#8220;&#8220; rt_column_gaps=&#8220;&#8220; rt_row_shadows=&#8220;&#8220; rt_row_borders=&#8220;&#8220; rt_bg_effect=&#8220;classic&#8220; rt_bg_image_repeat=&#8220;repeat&#8220; rt_bg_size=&#8220;cover&#8220; rt_bg_position=&#8220;right top&#8220; rt_bg_attachment=&#8220;scroll&#8220; rt_bg_layer=&#8220;&#8220; rt_bg_video_format=&#8220;self-hosted&#8220;][vc_column rt_bg_effect=&#8220;classic&#8220; rt_bg_image_repeat=&#8220;repeat&#8220; rt_bg_size=&#8220;auto auto&#8220; rt_bg_position=&#8220;right top&#8220; rt_bg_attachment=&#8220;scroll&#8220;][vc_empty_space][vc_gallery type=&#8220;image_grid&#8220; images=&#8220;9709,9706,9703,9700,9697,9694,9691,9688,9685,9682,9679&#8243; img_size=&#8220;385&#215;235&#8243;][vc_empty_space][\/vc_column][\/vc_row]<\/p>\n","protected":false},"excerpt":{"rendered":"<p>[vc_row rt_row_background_width=&#8220;fullwidth&#8220; rt_row_content_width=&#8220;default&#8220; rt_row_style=&#8220;default-style&#8220; rt_row_height=&#8220;&#8220; rt_column_gaps=&#8220;&#8220; rt_row_shadows=&#8220;&#8220; rt_row_borders=&#8220;&#8220; rt_bg_effect=&#8220;classic&#8220; rt_bg_image_repeat=&#8220;repeat&#8220; rt_bg_size=&#8220;cover&#8220; rt_bg_position=&#8220;right top&#8220; rt_bg_attachment=&#8220;scroll&#8220; rt_bg_layer=&#8220;&#8220; [&hellip;]<\/p>\n","protected":false},"author":4,"featured_media":0,"parent":10297,"menu_order":0,"comment_status":"closed","ping_status":"closed","template":"","meta":{"footnotes":""},"class_list":["post-10266","page","type-page","status-publish","hentry"],"yoast_head":"<!-- This site is optimized with the Yoast SEO plugin v27.3 - https:\/\/yoast.com\/product\/yoast-seo-wordpress\/ -->\n<title>Nafukovacie reklamn\u00e9 bal\u00f3ny \u2502Twoagency<\/title>\n<meta name=\"description\" content=\"Nafukovacie reklamn\u00e9 bal\u00f3ny predstavuj\u00fa efekt\u00edvny a vizu\u00e1lne atrakt\u00edvny sp\u00f4sob, ako up\u00fata\u0165 pozornos\u0165 na akomko\u013evek podujat\u00ed.\" \/>\n<meta name=\"robots\" content=\"index, follow, max-snippet:-1, max-image-preview:large, max-video-preview:-1\" \/>\n<link rel=\"canonical\" href=\"https:\/\/twoagency.sk\/de\/werbeballoons\/\" \/>\n<meta property=\"og:locale\" content=\"de_DE\" \/>\n<meta property=\"og:type\" content=\"article\" \/>\n<meta property=\"og:title\" content=\"Nafukovacie reklamn\u00e9 bal\u00f3ny \u2502Twoagency\" \/>\n<meta property=\"og:description\" content=\"Nafukovacie reklamn\u00e9 bal\u00f3ny predstavuj\u00fa efekt\u00edvny a vizu\u00e1lne atrakt\u00edvny sp\u00f4sob, ako up\u00fata\u0165 pozornos\u0165 na akomko\u013evek podujat\u00ed.\" \/>\n<meta property=\"og:url\" content=\"https:\/\/twoagency.sk\/de\/werbeballoons\/\" \/>\n<meta property=\"og:site_name\" content=\"Twoagency\" \/>\n<meta property=\"article:modified_time\" content=\"2024-07-18T07:43:22+00:00\" \/>\n<meta name=\"twitter:card\" content=\"summary_large_image\" \/>\n<meta name=\"twitter:label1\" content=\"Gesch\u00e4tzte Lesezeit\" \/>\n\t<meta name=\"twitter:data1\" content=\"1\u00a0Minute\" \/>\n<script type=\"application\/ld+json\" class=\"yoast-schema-graph\">{\"@context\":\"https:\\\/\\\/schema.org\",\"@graph\":[{\"@type\":\"WebPage\",\"@id\":\"https:\\\/\\\/twoagency.sk\\\/de\\\/werbeballoons\\\/\",\"url\":\"https:\\\/\\\/twoagency.sk\\\/de\\\/werbeballoons\\\/\",\"name\":\"Nafukovacie reklamn\u00e9 bal\u00f3ny \u2502Twoagency\",\"isPartOf\":{\"@id\":\"https:\\\/\\\/twoagency.sk\\\/#website\"},\"datePublished\":\"2024-06-11T14:43:53+00:00\",\"dateModified\":\"2024-07-18T07:43:22+00:00\",\"description\":\"Nafukovacie reklamn\u00e9 bal\u00f3ny predstavuj\u00fa efekt\u00edvny a vizu\u00e1lne atrakt\u00edvny sp\u00f4sob, ako up\u00fata\u0165 pozornos\u0165 na akomko\u013evek podujat\u00ed.\",\"breadcrumb\":{\"@id\":\"https:\\\/\\\/twoagency.sk\\\/de\\\/werbeballoons\\\/#breadcrumb\"},\"inLanguage\":\"de\",\"potentialAction\":[{\"@type\":\"ReadAction\",\"target\":[\"https:\\\/\\\/twoagency.sk\\\/de\\\/werbeballoons\\\/\"]}]},{\"@type\":\"BreadcrumbList\",\"@id\":\"https:\\\/\\\/twoagency.sk\\\/de\\\/werbeballoons\\\/#breadcrumb\",\"itemListElement\":[{\"@type\":\"ListItem\",\"position\":1,\"name\":\"Home\",\"item\":\"https:\\\/\\\/twoagency.sk\\\/de\\\/\"},{\"@type\":\"ListItem\",\"position\":2,\"name\":\"Werbeballoons\"}]},{\"@type\":\"WebSite\",\"@id\":\"https:\\\/\\\/twoagency.sk\\\/#website\",\"url\":\"https:\\\/\\\/twoagency.sk\\\/\",\"name\":\"Twoagency\",\"description\":\"Reklamn\u00e1 agent\u00fara\",\"publisher\":{\"@id\":\"https:\\\/\\\/twoagency.sk\\\/#organization\"},\"potentialAction\":[{\"@type\":\"SearchAction\",\"target\":{\"@type\":\"EntryPoint\",\"urlTemplate\":\"https:\\\/\\\/twoagency.sk\\\/?s={search_term_string}\"},\"query-input\":{\"@type\":\"PropertyValueSpecification\",\"valueRequired\":true,\"valueName\":\"search_term_string\"}}],\"inLanguage\":\"de\"},{\"@type\":\"Organization\",\"@id\":\"https:\\\/\\\/twoagency.sk\\\/#organization\",\"name\":\"Twoagency\",\"url\":\"https:\\\/\\\/twoagency.sk\\\/\",\"logo\":{\"@type\":\"ImageObject\",\"inLanguage\":\"de\",\"@id\":\"https:\\\/\\\/twoagency.sk\\\/#\\\/schema\\\/logo\\\/image\\\/\",\"url\":\"https:\\\/\\\/twoagency.sk\\\/wp-content\\\/uploads\\\/2020\\\/05\\\/Two_Agency_logo_CMYK.jpg\",\"contentUrl\":\"https:\\\/\\\/twoagency.sk\\\/wp-content\\\/uploads\\\/2020\\\/05\\\/Two_Agency_logo_CMYK.jpg\",\"width\":1200,\"height\":1200,\"caption\":\"Twoagency\"},\"image\":{\"@id\":\"https:\\\/\\\/twoagency.sk\\\/#\\\/schema\\\/logo\\\/image\\\/\"}}]}<\/script>\n<!-- \/ Yoast SEO plugin. -->","yoast_head_json":{"title":"Nafukovacie reklamn\u00e9 bal\u00f3ny \u2502Twoagency","description":"Nafukovacie reklamn\u00e9 bal\u00f3ny predstavuj\u00fa efekt\u00edvny a vizu\u00e1lne atrakt\u00edvny sp\u00f4sob, ako up\u00fata\u0165 pozornos\u0165 na akomko\u013evek podujat\u00ed.","robots":{"index":"index","follow":"follow","max-snippet":"max-snippet:-1","max-image-preview":"max-image-preview:large","max-video-preview":"max-video-preview:-1"},"canonical":"https:\/\/twoagency.sk\/de\/werbeballoons\/","og_locale":"de_DE","og_type":"article","og_title":"Nafukovacie reklamn\u00e9 bal\u00f3ny \u2502Twoagency","og_description":"Nafukovacie reklamn\u00e9 bal\u00f3ny predstavuj\u00fa efekt\u00edvny a vizu\u00e1lne atrakt\u00edvny sp\u00f4sob, ako up\u00fata\u0165 pozornos\u0165 na akomko\u013evek podujat\u00ed.","og_url":"https:\/\/twoagency.sk\/de\/werbeballoons\/","og_site_name":"Twoagency","article_modified_time":"2024-07-18T07:43:22+00:00","twitter_card":"summary_large_image","twitter_misc":{"Gesch\u00e4tzte Lesezeit":"1\u00a0Minute"},"schema":{"@context":"https:\/\/schema.org","@graph":[{"@type":"WebPage","@id":"https:\/\/twoagency.sk\/de\/werbeballoons\/","url":"https:\/\/twoagency.sk\/de\/werbeballoons\/","name":"Nafukovacie reklamn\u00e9 bal\u00f3ny \u2502Twoagency","isPartOf":{"@id":"https:\/\/twoagency.sk\/#website"},"datePublished":"2024-06-11T14:43:53+00:00","dateModified":"2024-07-18T07:43:22+00:00","description":"Nafukovacie reklamn\u00e9 bal\u00f3ny predstavuj\u00fa efekt\u00edvny a vizu\u00e1lne atrakt\u00edvny sp\u00f4sob, ako up\u00fata\u0165 pozornos\u0165 na akomko\u013evek podujat\u00ed.","breadcrumb":{"@id":"https:\/\/twoagency.sk\/de\/werbeballoons\/#breadcrumb"},"inLanguage":"de","potentialAction":[{"@type":"ReadAction","target":["https:\/\/twoagency.sk\/de\/werbeballoons\/"]}]},{"@type":"BreadcrumbList","@id":"https:\/\/twoagency.sk\/de\/werbeballoons\/#breadcrumb","itemListElement":[{"@type":"ListItem","position":1,"name":"Home","item":"https:\/\/twoagency.sk\/de\/"},{"@type":"ListItem","position":2,"name":"Werbeballoons"}]},{"@type":"WebSite","@id":"https:\/\/twoagency.sk\/#website","url":"https:\/\/twoagency.sk\/","name":"Twoagency","description":"Reklamn\u00e1 agent\u00fara","publisher":{"@id":"https:\/\/twoagency.sk\/#organization"},"potentialAction":[{"@type":"SearchAction","target":{"@type":"EntryPoint","urlTemplate":"https:\/\/twoagency.sk\/?s={search_term_string}"},"query-input":{"@type":"PropertyValueSpecification","valueRequired":true,"valueName":"search_term_string"}}],"inLanguage":"de"},{"@type":"Organization","@id":"https:\/\/twoagency.sk\/#organization","name":"Twoagency","url":"https:\/\/twoagency.sk\/","logo":{"@type":"ImageObject","inLanguage":"de","@id":"https:\/\/twoagency.sk\/#\/schema\/logo\/image\/","url":"https:\/\/twoagency.sk\/wp-content\/uploads\/2020\/05\/Two_Agency_logo_CMYK.jpg","contentUrl":"https:\/\/twoagency.sk\/wp-content\/uploads\/2020\/05\/Two_Agency_logo_CMYK.jpg","width":1200,"height":1200,"caption":"Twoagency"},"image":{"@id":"https:\/\/twoagency.sk\/#\/schema\/logo\/image\/"}}]}},"_links":{"self":[{"href":"https:\/\/twoagency.sk\/de\/wp-json\/wp\/v2\/pages\/10266","targetHints":{"allow":["GET"]}}],"collection":[{"href":"https:\/\/twoagency.sk\/de\/wp-json\/wp\/v2\/pages"}],"about":[{"href":"https:\/\/twoagency.sk\/de\/wp-json\/wp\/v2\/types\/page"}],"author":[{"embeddable":true,"href":"https:\/\/twoagency.sk\/de\/wp-json\/wp\/v2\/users\/4"}],"replies":[{"embeddable":true,"href":"https:\/\/twoagency.sk\/de\/wp-json\/wp\/v2\/comments?post=10266"}],"version-history":[{"count":1,"href":"https:\/\/twoagency.sk\/de\/wp-json\/wp\/v2\/pages\/10266\/revisions"}],"predecessor-version":[{"id":10267,"href":"https:\/\/twoagency.sk\/de\/wp-json\/wp\/v2\/pages\/10266\/revisions\/10267"}],"up":[{"embeddable":true,"href":"https:\/\/twoagency.sk\/de\/wp-json\/wp\/v2\/pages\/10297"}],"wp:attachment":[{"href":"https:\/\/twoagency.sk\/de\/wp-json\/wp\/v2\/media?parent=10266"}],"curies":[{"name":"wp","href":"https:\/\/api.w.org\/{rel}","templated":true}]}}