{"id":5058,"date":"2019-08-28T13:19:24","date_gmt":"2019-08-28T11:19:24","guid":{"rendered":"http:\/\/twoagency.sk\/tvorba-webstranok\/"},"modified":"2020-04-08T12:20:02","modified_gmt":"2020-04-08T10:20:02","slug":"webseiten","status":"publish","type":"page","link":"https:\/\/twoagency.sk\/de\/services\/webseiten\/","title":{"rendered":"Webseiten"},"content":{"rendered":"<p>[vc_row rt_row_background_width=&#8220;fullwidth&#8220; rt_row_content_width=&#8220;default&#8220; rt_row_style=&#8220;default-style&#8220; rt_row_height=&#8220;&#8220; rt_column_gaps=&#8220;&#8220; rt_row_shadows=&#8220;&#8220; rt_row_borders=&#8220;&#8220; rt_bg_effect=&#8220;classic&#8220; rt_bg_image_repeat=&#8220;repeat&#8220; rt_bg_size=&#8220;cover&#8220; rt_bg_position=&#8220;right top&#8220; rt_bg_attachment=&#8220;scroll&#8220; rt_bg_layer=&#8220;&#8220; rt_bg_video_format=&#8220;self-hosted&#8220;][vc_column rt_bg_effect=&#8220;classic&#8220; rt_bg_image_repeat=&#8220;repeat&#8220; rt_bg_size=&#8220;auto auto&#8220; rt_bg_position=&#8220;right top&#8220; rt_bg_attachment=&#8220;scroll&#8220;][vc_column_text]<strong>W\u00fcnschen Sie sich eine moderne und responsive <a href=\"https:\/\/twoagency.sk\/de\/webseiten-photos\/\" target=\"_blank\" rel=\"noopener noreferrer\">Webseite<\/a> mit \u00c4nderungsm\u00f6glichkeiten, ohne dass Sie Programmierungskenntnisse besitzen m\u00fcssten?<\/strong><\/p>\n<p><img fetchpriority=\"high\" decoding=\"async\" class=\"alignright size-medium wp-image-5014\" src=\"http:\/\/twoagency.sk\/wp-content\/uploads\/2019\/09\/shutterstock_122664079-300x198.jpg\" alt=\"\" width=\"300\" height=\"198\" srcset=\"https:\/\/twoagency.sk\/wp-content\/uploads\/2019\/09\/shutterstock_122664079-300x198.jpg 300w, https:\/\/twoagency.sk\/wp-content\/uploads\/2019\/09\/shutterstock_122664079-768x507.jpg 768w, https:\/\/twoagency.sk\/wp-content\/uploads\/2019\/09\/shutterstock_122664079-1024x676.jpg 1024w\" sizes=\"(max-width: 300px) 100vw, 300px\" \/>Die teuerste Webseite ist jene, die Ihnen kein Geld verdient. Eine moderne \u00fcbersichtliche <strong><a href=\"https:\/\/twoagency.sk\/de\/webseiten-photos\/\" target=\"_blank\" rel=\"noopener noreferrer\">Webseite<\/a><\/strong> zu haben, die Ihr Gesch\u00e4ft pr\u00e4sentiert, ist heutzutage eine Notwendigkeit. Ein gutes Web bringt Ihnen nicht nur neue Kunden und Gelegenheiten, sondern pr\u00e4sentiert auch Ihren Brand. Neben einer hochwertigen Grafik sollte jede professionelle Webseite auch einen vollwertigen Content haben, der f\u00fcr die Browser ad\u00e4quat optimiert ist. Bei der Erstellung einer neuen Webseite oder beim Redesign bleiben wir immer im engen Kontakt mit Ihnen, damit wir uns Ihren Vorstellungen am besten ann\u00e4hern k\u00f6nnen. Die Erstellung von Webseiten mit CMS, ihre Optimierung und Verwaltung, geh\u00f6ren zu T\u00e4tigkeiten, mit welchen wir reiche Erfahrung haben. Falls Sie den Besucherverkehr auf Ihrer Webseite erh\u00f6hen m\u00f6chten, helfen wir Ihnen auch mit dem Online-Marketing (SEO, PPC-Werbung).[\/vc_column_text][\/vc_column][\/vc_row][vc_row rt_row_background_width=&#8220;fullwidth&#8220; rt_row_content_width=&#8220;default&#8220; rt_row_style=&#8220;default-style&#8220; rt_row_height=&#8220;&#8220; rt_column_gaps=&#8220;&#8220; rt_row_shadows=&#8220;&#8220; rt_row_borders=&#8220;&#8220; rt_bg_effect=&#8220;classic&#8220; rt_bg_image_repeat=&#8220;repeat&#8220; rt_bg_size=&#8220;cover&#8220; rt_bg_position=&#8220;right top&#8220; rt_bg_attachment=&#8220;scroll&#8220; rt_bg_layer=&#8220;&#8220; rt_bg_video_format=&#8220;self-hosted&#8220;][vc_column rt_bg_effect=&#8220;classic&#8220; rt_bg_image_repeat=&#8220;repeat&#8220; rt_bg_size=&#8220;auto auto&#8220; rt_bg_position=&#8220;right top&#8220; rt_bg_attachment=&#8220;scroll&#8220;][vc_cta h2=&#8220;Wir erstellen moderne Webs mit einer Optimierung f\u00fcr alle Mobilger\u00e4te.&#8220; h2_font_container=&#8220;font_size:25px|color:%23ffffff&#8220; h2_use_theme_fonts=&#8220;yes&#8220; shape=&#8220;square&#8220; color=&#8220;blue&#8220; add_button=&#8220;bottom&#8220; btn_title=&#8220;Kontaktieren Sie uns&#8220; btn_shape=&#8220;round&#8220; btn_color=&#8220;primary&#8220; btn_size=&#8220;lg&#8220; use_custom_fonts_h2=&#8220;true&#8220; btn_link=&#8220;url:https%3A%2F%2Ftwoagency.sk%2Fde%2Fkontakt%2F|title:KONTAKT||&#8220; css=&#8220;.vc_custom_1570003788046{background-color: #1e1e1e !important;}&#8220;]<span style=\"color: #d1d1d1;\">Ein erfolgreiches Gesch\u00e4ft f\u00e4ngt mit einem guten Web an.<br \/>\n<\/span>[\/vc_cta][\/vc_column][\/vc_row]<\/p>\n","protected":false},"excerpt":{"rendered":"<p>[vc_row rt_row_background_width=&#8220;fullwidth&#8220; rt_row_content_width=&#8220;default&#8220; rt_row_style=&#8220;default-style&#8220; rt_row_height=&#8220;&#8220; rt_column_gaps=&#8220;&#8220; rt_row_shadows=&#8220;&#8220; rt_row_borders=&#8220;&#8220; rt_bg_effect=&#8220;classic&#8220; rt_bg_image_repeat=&#8220;repeat&#8220; rt_bg_size=&#8220;cover&#8220; rt_bg_position=&#8220;right top&#8220; rt_bg_attachment=&#8220;scroll&#8220; rt_bg_layer=&#8220;&#8220; [&hellip;]<\/p>\n","protected":false},"author":3,"featured_media":0,"parent":5083,"menu_order":0,"comment_status":"closed","ping_status":"closed","template":"","meta":{"footnotes":""},"class_list":["post-5058","page","type-page","status-publish","hentry"],"yoast_head":"<!-- This site is optimized with the Yoast SEO plugin v27.3 - https:\/\/yoast.com\/product\/yoast-seo-wordpress\/ -->\n<title>Webseiten | Twoagency<\/title>\n<meta name=\"robots\" content=\"index, follow, max-snippet:-1, max-image-preview:large, max-video-preview:-1\" \/>\n<link rel=\"canonical\" href=\"https:\/\/twoagency.sk\/de\/services\/webseiten\/\" \/>\n<meta property=\"og:locale\" content=\"de_DE\" \/>\n<meta property=\"og:type\" content=\"article\" \/>\n<meta property=\"og:title\" content=\"Webseiten | Twoagency\" \/>\n<meta property=\"og:description\" content=\"[vc_row rt_row_background_width=&#8220;fullwidth&#8220; rt_row_content_width=&#8220;default&#8220; rt_row_style=&#8220;default-style&#8220; rt_row_height=&#8220;&#8220; rt_column_gaps=&#8220;&#8220; rt_row_shadows=&#8220;&#8220; rt_row_borders=&#8220;&#8220; rt_bg_effect=&#8220;classic&#8220; rt_bg_image_repeat=&#8220;repeat&#8220; rt_bg_size=&#8220;cover&#8220; rt_bg_position=&#8220;right top&#8220; rt_bg_attachment=&#8220;scroll&#8220; rt_bg_layer=&#8220;&#8220; [&hellip;]\" \/>\n<meta property=\"og:url\" content=\"https:\/\/twoagency.sk\/de\/services\/webseiten\/\" \/>\n<meta property=\"og:site_name\" content=\"Twoagency\" \/>\n<meta property=\"article:modified_time\" content=\"2020-04-08T10:20:02+00:00\" \/>\n<meta property=\"og:image\" content=\"http:\/\/twoagency.sk\/wp-content\/uploads\/2019\/09\/shutterstock_122664079-300x198.jpg\" \/>\n<meta name=\"twitter:card\" content=\"summary_large_image\" \/>\n<meta name=\"twitter:label1\" content=\"Gesch\u00e4tzte Lesezeit\" \/>\n\t<meta name=\"twitter:data1\" content=\"2\u00a0Minuten\" \/>\n<script type=\"application\/ld+json\" class=\"yoast-schema-graph\">{\"@context\":\"https:\\\/\\\/schema.org\",\"@graph\":[{\"@type\":\"WebPage\",\"@id\":\"https:\\\/\\\/twoagency.sk\\\/de\\\/services\\\/webseiten\\\/\",\"url\":\"https:\\\/\\\/twoagency.sk\\\/de\\\/services\\\/webseiten\\\/\",\"name\":\"Webseiten | Twoagency\",\"isPartOf\":{\"@id\":\"https:\\\/\\\/twoagency.sk\\\/#website\"},\"primaryImageOfPage\":{\"@id\":\"https:\\\/\\\/twoagency.sk\\\/de\\\/services\\\/webseiten\\\/#primaryimage\"},\"image\":{\"@id\":\"https:\\\/\\\/twoagency.sk\\\/de\\\/services\\\/webseiten\\\/#primaryimage\"},\"thumbnailUrl\":\"http:\\\/\\\/twoagency.sk\\\/wp-content\\\/uploads\\\/2019\\\/09\\\/shutterstock_122664079-300x198.jpg\",\"datePublished\":\"2019-08-28T11:19:24+00:00\",\"dateModified\":\"2020-04-08T10:20:02+00:00\",\"breadcrumb\":{\"@id\":\"https:\\\/\\\/twoagency.sk\\\/de\\\/services\\\/webseiten\\\/#breadcrumb\"},\"inLanguage\":\"de\",\"potentialAction\":[{\"@type\":\"ReadAction\",\"target\":[\"https:\\\/\\\/twoagency.sk\\\/de\\\/services\\\/webseiten\\\/\"]}]},{\"@type\":\"ImageObject\",\"inLanguage\":\"de\",\"@id\":\"https:\\\/\\\/twoagency.sk\\\/de\\\/services\\\/webseiten\\\/#primaryimage\",\"url\":\"http:\\\/\\\/twoagency.sk\\\/wp-content\\\/uploads\\\/2019\\\/09\\\/shutterstock_122664079-300x198.jpg\",\"contentUrl\":\"http:\\\/\\\/twoagency.sk\\\/wp-content\\\/uploads\\\/2019\\\/09\\\/shutterstock_122664079-300x198.jpg\"},{\"@type\":\"BreadcrumbList\",\"@id\":\"https:\\\/\\\/twoagency.sk\\\/de\\\/services\\\/webseiten\\\/#breadcrumb\",\"itemListElement\":[{\"@type\":\"ListItem\",\"position\":1,\"name\":\"Home\",\"item\":\"https:\\\/\\\/twoagency.sk\\\/de\\\/\"},{\"@type\":\"ListItem\",\"position\":2,\"name\":\"Unsere Dienstleistungen\",\"item\":\"https:\\\/\\\/twoagency.sk\\\/de\\\/services\\\/\"},{\"@type\":\"ListItem\",\"position\":3,\"name\":\"Webseiten\"}]},{\"@type\":\"WebSite\",\"@id\":\"https:\\\/\\\/twoagency.sk\\\/#website\",\"url\":\"https:\\\/\\\/twoagency.sk\\\/\",\"name\":\"Twoagency\",\"description\":\"Reklamn\u00e1 agent\u00fara\",\"publisher\":{\"@id\":\"https:\\\/\\\/twoagency.sk\\\/#organization\"},\"potentialAction\":[{\"@type\":\"SearchAction\",\"target\":{\"@type\":\"EntryPoint\",\"urlTemplate\":\"https:\\\/\\\/twoagency.sk\\\/?s={search_term_string}\"},\"query-input\":{\"@type\":\"PropertyValueSpecification\",\"valueRequired\":true,\"valueName\":\"search_term_string\"}}],\"inLanguage\":\"de\"},{\"@type\":\"Organization\",\"@id\":\"https:\\\/\\\/twoagency.sk\\\/#organization\",\"name\":\"Twoagency\",\"url\":\"https:\\\/\\\/twoagency.sk\\\/\",\"logo\":{\"@type\":\"ImageObject\",\"inLanguage\":\"de\",\"@id\":\"https:\\\/\\\/twoagency.sk\\\/#\\\/schema\\\/logo\\\/image\\\/\",\"url\":\"https:\\\/\\\/twoagency.sk\\\/wp-content\\\/uploads\\\/2020\\\/05\\\/Two_Agency_logo_CMYK.jpg\",\"contentUrl\":\"https:\\\/\\\/twoagency.sk\\\/wp-content\\\/uploads\\\/2020\\\/05\\\/Two_Agency_logo_CMYK.jpg\",\"width\":1200,\"height\":1200,\"caption\":\"Twoagency\"},\"image\":{\"@id\":\"https:\\\/\\\/twoagency.sk\\\/#\\\/schema\\\/logo\\\/image\\\/\"}}]}<\/script>\n<!-- \/ Yoast SEO plugin. -->","yoast_head_json":{"title":"Webseiten | Twoagency","robots":{"index":"index","follow":"follow","max-snippet":"max-snippet:-1","max-image-preview":"max-image-preview:large","max-video-preview":"max-video-preview:-1"},"canonical":"https:\/\/twoagency.sk\/de\/services\/webseiten\/","og_locale":"de_DE","og_type":"article","og_title":"Webseiten | Twoagency","og_description":"[vc_row rt_row_background_width=&#8220;fullwidth&#8220; rt_row_content_width=&#8220;default&#8220; rt_row_style=&#8220;default-style&#8220; rt_row_height=&#8220;&#8220; rt_column_gaps=&#8220;&#8220; rt_row_shadows=&#8220;&#8220; rt_row_borders=&#8220;&#8220; rt_bg_effect=&#8220;classic&#8220; rt_bg_image_repeat=&#8220;repeat&#8220; rt_bg_size=&#8220;cover&#8220; rt_bg_position=&#8220;right top&#8220; rt_bg_attachment=&#8220;scroll&#8220; rt_bg_layer=&#8220;&#8220; [&hellip;]","og_url":"https:\/\/twoagency.sk\/de\/services\/webseiten\/","og_site_name":"Twoagency","article_modified_time":"2020-04-08T10:20:02+00:00","og_image":[{"url":"http:\/\/twoagency.sk\/wp-content\/uploads\/2019\/09\/shutterstock_122664079-300x198.jpg","type":"","width":"","height":""}],"twitter_card":"summary_large_image","twitter_misc":{"Gesch\u00e4tzte Lesezeit":"2\u00a0Minuten"},"schema":{"@context":"https:\/\/schema.org","@graph":[{"@type":"WebPage","@id":"https:\/\/twoagency.sk\/de\/services\/webseiten\/","url":"https:\/\/twoagency.sk\/de\/services\/webseiten\/","name":"Webseiten | Twoagency","isPartOf":{"@id":"https:\/\/twoagency.sk\/#website"},"primaryImageOfPage":{"@id":"https:\/\/twoagency.sk\/de\/services\/webseiten\/#primaryimage"},"image":{"@id":"https:\/\/twoagency.sk\/de\/services\/webseiten\/#primaryimage"},"thumbnailUrl":"http:\/\/twoagency.sk\/wp-content\/uploads\/2019\/09\/shutterstock_122664079-300x198.jpg","datePublished":"2019-08-28T11:19:24+00:00","dateModified":"2020-04-08T10:20:02+00:00","breadcrumb":{"@id":"https:\/\/twoagency.sk\/de\/services\/webseiten\/#breadcrumb"},"inLanguage":"de","potentialAction":[{"@type":"ReadAction","target":["https:\/\/twoagency.sk\/de\/services\/webseiten\/"]}]},{"@type":"ImageObject","inLanguage":"de","@id":"https:\/\/twoagency.sk\/de\/services\/webseiten\/#primaryimage","url":"http:\/\/twoagency.sk\/wp-content\/uploads\/2019\/09\/shutterstock_122664079-300x198.jpg","contentUrl":"http:\/\/twoagency.sk\/wp-content\/uploads\/2019\/09\/shutterstock_122664079-300x198.jpg"},{"@type":"BreadcrumbList","@id":"https:\/\/twoagency.sk\/de\/services\/webseiten\/#breadcrumb","itemListElement":[{"@type":"ListItem","position":1,"name":"Home","item":"https:\/\/twoagency.sk\/de\/"},{"@type":"ListItem","position":2,"name":"Unsere Dienstleistungen","item":"https:\/\/twoagency.sk\/de\/services\/"},{"@type":"ListItem","position":3,"name":"Webseiten"}]},{"@type":"WebSite","@id":"https:\/\/twoagency.sk\/#website","url":"https:\/\/twoagency.sk\/","name":"Twoagency","description":"Reklamn\u00e1 agent\u00fara","publisher":{"@id":"https:\/\/twoagency.sk\/#organization"},"potentialAction":[{"@type":"SearchAction","target":{"@type":"EntryPoint","urlTemplate":"https:\/\/twoagency.sk\/?s={search_term_string}"},"query-input":{"@type":"PropertyValueSpecification","valueRequired":true,"valueName":"search_term_string"}}],"inLanguage":"de"},{"@type":"Organization","@id":"https:\/\/twoagency.sk\/#organization","name":"Twoagency","url":"https:\/\/twoagency.sk\/","logo":{"@type":"ImageObject","inLanguage":"de","@id":"https:\/\/twoagency.sk\/#\/schema\/logo\/image\/","url":"https:\/\/twoagency.sk\/wp-content\/uploads\/2020\/05\/Two_Agency_logo_CMYK.jpg","contentUrl":"https:\/\/twoagency.sk\/wp-content\/uploads\/2020\/05\/Two_Agency_logo_CMYK.jpg","width":1200,"height":1200,"caption":"Twoagency"},"image":{"@id":"https:\/\/twoagency.sk\/#\/schema\/logo\/image\/"}}]}},"_links":{"self":[{"href":"https:\/\/twoagency.sk\/de\/wp-json\/wp\/v2\/pages\/5058","targetHints":{"allow":["GET"]}}],"collection":[{"href":"https:\/\/twoagency.sk\/de\/wp-json\/wp\/v2\/pages"}],"about":[{"href":"https:\/\/twoagency.sk\/de\/wp-json\/wp\/v2\/types\/page"}],"author":[{"embeddable":true,"href":"https:\/\/twoagency.sk\/de\/wp-json\/wp\/v2\/users\/3"}],"replies":[{"embeddable":true,"href":"https:\/\/twoagency.sk\/de\/wp-json\/wp\/v2\/comments?post=5058"}],"version-history":[{"count":5,"href":"https:\/\/twoagency.sk\/de\/wp-json\/wp\/v2\/pages\/5058\/revisions"}],"predecessor-version":[{"id":6719,"href":"https:\/\/twoagency.sk\/de\/wp-json\/wp\/v2\/pages\/5058\/revisions\/6719"}],"up":[{"embeddable":true,"href":"https:\/\/twoagency.sk\/de\/wp-json\/wp\/v2\/pages\/5083"}],"wp:attachment":[{"href":"https:\/\/twoagency.sk\/de\/wp-json\/wp\/v2\/media?parent=5058"}],"curies":[{"name":"wp","href":"https:\/\/api.w.org\/{rel}","templated":true}]}}