{"id":5061,"date":"2019-09-09T12:06:59","date_gmt":"2019-09-09T10:06:59","guid":{"rendered":"http:\/\/twoagency.sk\/?page_id=5061"},"modified":"2020-04-08T12:18:02","modified_gmt":"2020-04-08T10:18:02","slug":"fahrzeugbeklebung","status":"publish","type":"page","link":"https:\/\/twoagency.sk\/de\/fahrzeugbeklebung\/","title":{"rendered":"Fahrzeugbeklebung\u00a0"},"content":{"rendered":"<p>[vc_row rt_row_background_width=&#8220;fullwidth&#8220; rt_row_content_width=&#8220;default&#8220; rt_row_style=&#8220;default-style&#8220; rt_row_height=&#8220;&#8220; rt_column_gaps=&#8220;&#8220; rt_row_shadows=&#8220;&#8220; rt_row_borders=&#8220;&#8220; rt_bg_effect=&#8220;classic&#8220; rt_bg_image_repeat=&#8220;repeat&#8220; rt_bg_size=&#8220;cover&#8220; rt_bg_position=&#8220;right top&#8220; rt_bg_attachment=&#8220;scroll&#8220; rt_bg_layer=&#8220;&#8220; rt_bg_video_format=&#8220;self-hosted&#8220;][vc_column rt_bg_effect=&#8220;classic&#8220; rt_bg_image_repeat=&#8220;repeat&#8220; rt_bg_size=&#8220;auto auto&#8220; rt_bg_position=&#8220;right top&#8220; rt_bg_attachment=&#8220;scroll&#8220;][vc_column_text]<strong>Wir putzen Ihr <a href=\"https:\/\/twoagency.sk\/de\/fahrzeugbeklebung-photos\/\" target=\"_blank\" rel=\"noopener noreferrer\">Fahrzeug<\/a> mit dem <a href=\"https:\/\/twoagency.sk\/de\/firmenlogos\/\" target=\"_blank\" rel=\"noopener noreferrer\">Firmenlogo<\/a> heraus, f\u00fcgen ein paar kreative Ideen aus unserer Werkstatt dazu und der Erfolg wird garantiert!<\/strong><\/p>\n<p><img fetchpriority=\"high\" decoding=\"async\" class=\"alignright size-medium wp-image-5033\" src=\"http:\/\/twoagency.sk\/wp-content\/uploads\/2019\/09\/13350359_1088963237813596_2624737986564370974_o_1088963237813596-300x200.jpg\" alt=\"\" width=\"300\" height=\"200\" srcset=\"https:\/\/twoagency.sk\/wp-content\/uploads\/2019\/09\/13350359_1088963237813596_2624737986564370974_o_1088963237813596-300x200.jpg 300w, https:\/\/twoagency.sk\/wp-content\/uploads\/2019\/09\/13350359_1088963237813596_2624737986564370974_o_1088963237813596-768x512.jpg 768w, https:\/\/twoagency.sk\/wp-content\/uploads\/2019\/09\/13350359_1088963237813596_2624737986564370974_o_1088963237813596-500x333.jpg 500w, https:\/\/twoagency.sk\/wp-content\/uploads\/2019\/09\/13350359_1088963237813596_2624737986564370974_o_1088963237813596.jpg 1000w\" sizes=\"(max-width: 300px) 100vw, 300px\" \/>\u00dcberlegen Sie nun: wieviel kostet die Platzierung eines vermieteten Banners an einem frequentierten Ort, eine Printwerbung in guter Qualit\u00e4t, geschweige denn eine Fernsehwerbung \u2026 Und alle sind dabei nur f\u00fcr einige Wochen oder Monate da. Wenn wir jedoch Ihr Fahrzeug mit dem Firmenlogo ausschm\u00fccken und ein paar kreative Ideen aus unserer Werkstatt dazuf\u00fcgen, wird der Erfolg garantiert! Mit einer einfachen Investition sichern Sie sich eine mobile Werbung f\u00fcr 5 bis 10 Jahre. L\u00e4nger werden wir Ihre wertvolle Zeit nicht stehlen und wir freuen uns auf die Zusammenarbeit![\/vc_column_text][\/vc_column][\/vc_row][vc_row rt_row_background_width=&#8220;fullwidth&#8220; rt_row_content_width=&#8220;default&#8220; rt_row_style=&#8220;default-style&#8220; rt_row_height=&#8220;&#8220; rt_column_gaps=&#8220;&#8220; rt_row_shadows=&#8220;&#8220; rt_row_borders=&#8220;&#8220; rt_bg_effect=&#8220;classic&#8220; rt_bg_image_repeat=&#8220;repeat&#8220; rt_bg_size=&#8220;cover&#8220; rt_bg_position=&#8220;right top&#8220; rt_bg_attachment=&#8220;scroll&#8220; rt_bg_layer=&#8220;&#8220; rt_bg_video_format=&#8220;self-hosted&#8220;][vc_column rt_bg_effect=&#8220;classic&#8220; rt_bg_image_repeat=&#8220;repeat&#8220; rt_bg_size=&#8220;auto auto&#8220; rt_bg_position=&#8220;right top&#8220; rt_bg_attachment=&#8220;scroll&#8220;][vc_cta h2=&#8220;Mit der Fahrzeugbeklebung wird Ihre Werbung wirklich sichtbar.&#8220; h2_font_container=&#8220;font_size:25px|color:%23ffffff&#8220; h2_use_theme_fonts=&#8220;yes&#8220; shape=&#8220;square&#8220; color=&#8220;blue&#8220; add_button=&#8220;bottom&#8220; btn_title=&#8220;Kontaktieren Sie uns&#8220; btn_shape=&#8220;round&#8220; btn_color=&#8220;primary&#8220; btn_size=&#8220;lg&#8220; use_custom_fonts_h2=&#8220;true&#8220; btn_link=&#8220;url:https%3A%2F%2Ftwoagency.sk%2Fde%2Fkontakt%2F|title:KONTAKT||&#8220; css=&#8220;.vc_custom_1570003779282{background-color: #1e1e1e !important;}&#8220;]<span style=\"color: #d1d1d1;\">Wir beraten Sie gerne, was zu Ihrem Dienstwagen am besten passen w\u00fcrde.<br \/>\n<\/span>[\/vc_cta][\/vc_column][\/vc_row]<\/p>\n","protected":false},"excerpt":{"rendered":"<p>[vc_row rt_row_background_width=&#8220;fullwidth&#8220; rt_row_content_width=&#8220;default&#8220; rt_row_style=&#8220;default-style&#8220; rt_row_height=&#8220;&#8220; rt_column_gaps=&#8220;&#8220; rt_row_shadows=&#8220;&#8220; rt_row_borders=&#8220;&#8220; rt_bg_effect=&#8220;classic&#8220; rt_bg_image_repeat=&#8220;repeat&#8220; rt_bg_size=&#8220;cover&#8220; rt_bg_position=&#8220;right top&#8220; rt_bg_attachment=&#8220;scroll&#8220; rt_bg_layer=&#8220;&#8220; [&hellip;]<\/p>\n","protected":false},"author":3,"featured_media":0,"parent":0,"menu_order":0,"comment_status":"closed","ping_status":"closed","template":"","meta":{"footnotes":""},"class_list":["post-5061","page","type-page","status-publish","hentry"],"yoast_head":"<!-- This site is optimized with the Yoast SEO plugin v27.3 - https:\/\/yoast.com\/product\/yoast-seo-wordpress\/ -->\n<title>Fahrzeugbeklebung\u00a0 | Twoagency<\/title>\n<meta name=\"robots\" content=\"index, follow, max-snippet:-1, max-image-preview:large, max-video-preview:-1\" \/>\n<link rel=\"canonical\" href=\"https:\/\/twoagency.sk\/de\/fahrzeugbeklebung\/\" \/>\n<meta property=\"og:locale\" content=\"de_DE\" \/>\n<meta property=\"og:type\" content=\"article\" \/>\n<meta property=\"og:title\" content=\"Fahrzeugbeklebung\u00a0 | Twoagency\" \/>\n<meta property=\"og:description\" content=\"[vc_row rt_row_background_width=&#8220;fullwidth&#8220; rt_row_content_width=&#8220;default&#8220; rt_row_style=&#8220;default-style&#8220; rt_row_height=&#8220;&#8220; rt_column_gaps=&#8220;&#8220; rt_row_shadows=&#8220;&#8220; rt_row_borders=&#8220;&#8220; rt_bg_effect=&#8220;classic&#8220; rt_bg_image_repeat=&#8220;repeat&#8220; rt_bg_size=&#8220;cover&#8220; rt_bg_position=&#8220;right top&#8220; rt_bg_attachment=&#8220;scroll&#8220; rt_bg_layer=&#8220;&#8220; [&hellip;]\" \/>\n<meta property=\"og:url\" content=\"https:\/\/twoagency.sk\/de\/fahrzeugbeklebung\/\" \/>\n<meta property=\"og:site_name\" content=\"Twoagency\" \/>\n<meta property=\"article:modified_time\" content=\"2020-04-08T10:18:02+00:00\" \/>\n<meta property=\"og:image\" content=\"http:\/\/twoagency.sk\/wp-content\/uploads\/2019\/09\/13350359_1088963237813596_2624737986564370974_o_1088963237813596-300x200.jpg\" \/>\n<meta name=\"twitter:card\" content=\"summary_large_image\" \/>\n<meta name=\"twitter:label1\" content=\"Gesch\u00e4tzte Lesezeit\" \/>\n\t<meta name=\"twitter:data1\" content=\"2\u00a0Minuten\" \/>\n<script type=\"application\/ld+json\" class=\"yoast-schema-graph\">{\"@context\":\"https:\\\/\\\/schema.org\",\"@graph\":[{\"@type\":\"WebPage\",\"@id\":\"https:\\\/\\\/twoagency.sk\\\/de\\\/fahrzeugbeklebung\\\/\",\"url\":\"https:\\\/\\\/twoagency.sk\\\/de\\\/fahrzeugbeklebung\\\/\",\"name\":\"Fahrzeugbeklebung\u00a0 | Twoagency\",\"isPartOf\":{\"@id\":\"https:\\\/\\\/twoagency.sk\\\/#website\"},\"primaryImageOfPage\":{\"@id\":\"https:\\\/\\\/twoagency.sk\\\/de\\\/fahrzeugbeklebung\\\/#primaryimage\"},\"image\":{\"@id\":\"https:\\\/\\\/twoagency.sk\\\/de\\\/fahrzeugbeklebung\\\/#primaryimage\"},\"thumbnailUrl\":\"http:\\\/\\\/twoagency.sk\\\/wp-content\\\/uploads\\\/2019\\\/09\\\/13350359_1088963237813596_2624737986564370974_o_1088963237813596-300x200.jpg\",\"datePublished\":\"2019-09-09T10:06:59+00:00\",\"dateModified\":\"2020-04-08T10:18:02+00:00\",\"breadcrumb\":{\"@id\":\"https:\\\/\\\/twoagency.sk\\\/de\\\/fahrzeugbeklebung\\\/#breadcrumb\"},\"inLanguage\":\"de\",\"potentialAction\":[{\"@type\":\"ReadAction\",\"target\":[\"https:\\\/\\\/twoagency.sk\\\/de\\\/fahrzeugbeklebung\\\/\"]}]},{\"@type\":\"ImageObject\",\"inLanguage\":\"de\",\"@id\":\"https:\\\/\\\/twoagency.sk\\\/de\\\/fahrzeugbeklebung\\\/#primaryimage\",\"url\":\"http:\\\/\\\/twoagency.sk\\\/wp-content\\\/uploads\\\/2019\\\/09\\\/13350359_1088963237813596_2624737986564370974_o_1088963237813596-300x200.jpg\",\"contentUrl\":\"http:\\\/\\\/twoagency.sk\\\/wp-content\\\/uploads\\\/2019\\\/09\\\/13350359_1088963237813596_2624737986564370974_o_1088963237813596-300x200.jpg\"},{\"@type\":\"BreadcrumbList\",\"@id\":\"https:\\\/\\\/twoagency.sk\\\/de\\\/fahrzeugbeklebung\\\/#breadcrumb\",\"itemListElement\":[{\"@type\":\"ListItem\",\"position\":1,\"name\":\"Home\",\"item\":\"https:\\\/\\\/twoagency.sk\\\/de\\\/\"},{\"@type\":\"ListItem\",\"position\":2,\"name\":\"Fahrzeugbeklebung\u00a0\"}]},{\"@type\":\"WebSite\",\"@id\":\"https:\\\/\\\/twoagency.sk\\\/#website\",\"url\":\"https:\\\/\\\/twoagency.sk\\\/\",\"name\":\"Twoagency\",\"description\":\"Reklamn\u00e1 agent\u00fara\",\"publisher\":{\"@id\":\"https:\\\/\\\/twoagency.sk\\\/#organization\"},\"potentialAction\":[{\"@type\":\"SearchAction\",\"target\":{\"@type\":\"EntryPoint\",\"urlTemplate\":\"https:\\\/\\\/twoagency.sk\\\/?s={search_term_string}\"},\"query-input\":{\"@type\":\"PropertyValueSpecification\",\"valueRequired\":true,\"valueName\":\"search_term_string\"}}],\"inLanguage\":\"de\"},{\"@type\":\"Organization\",\"@id\":\"https:\\\/\\\/twoagency.sk\\\/#organization\",\"name\":\"Twoagency\",\"url\":\"https:\\\/\\\/twoagency.sk\\\/\",\"logo\":{\"@type\":\"ImageObject\",\"inLanguage\":\"de\",\"@id\":\"https:\\\/\\\/twoagency.sk\\\/#\\\/schema\\\/logo\\\/image\\\/\",\"url\":\"https:\\\/\\\/twoagency.sk\\\/wp-content\\\/uploads\\\/2020\\\/05\\\/Two_Agency_logo_CMYK.jpg\",\"contentUrl\":\"https:\\\/\\\/twoagency.sk\\\/wp-content\\\/uploads\\\/2020\\\/05\\\/Two_Agency_logo_CMYK.jpg\",\"width\":1200,\"height\":1200,\"caption\":\"Twoagency\"},\"image\":{\"@id\":\"https:\\\/\\\/twoagency.sk\\\/#\\\/schema\\\/logo\\\/image\\\/\"}}]}<\/script>\n<!-- \/ Yoast SEO plugin. -->","yoast_head_json":{"title":"Fahrzeugbeklebung\u00a0 | Twoagency","robots":{"index":"index","follow":"follow","max-snippet":"max-snippet:-1","max-image-preview":"max-image-preview:large","max-video-preview":"max-video-preview:-1"},"canonical":"https:\/\/twoagency.sk\/de\/fahrzeugbeklebung\/","og_locale":"de_DE","og_type":"article","og_title":"Fahrzeugbeklebung\u00a0 | Twoagency","og_description":"[vc_row rt_row_background_width=&#8220;fullwidth&#8220; rt_row_content_width=&#8220;default&#8220; rt_row_style=&#8220;default-style&#8220; rt_row_height=&#8220;&#8220; rt_column_gaps=&#8220;&#8220; rt_row_shadows=&#8220;&#8220; rt_row_borders=&#8220;&#8220; rt_bg_effect=&#8220;classic&#8220; rt_bg_image_repeat=&#8220;repeat&#8220; rt_bg_size=&#8220;cover&#8220; rt_bg_position=&#8220;right top&#8220; rt_bg_attachment=&#8220;scroll&#8220; rt_bg_layer=&#8220;&#8220; [&hellip;]","og_url":"https:\/\/twoagency.sk\/de\/fahrzeugbeklebung\/","og_site_name":"Twoagency","article_modified_time":"2020-04-08T10:18:02+00:00","og_image":[{"url":"http:\/\/twoagency.sk\/wp-content\/uploads\/2019\/09\/13350359_1088963237813596_2624737986564370974_o_1088963237813596-300x200.jpg","type":"","width":"","height":""}],"twitter_card":"summary_large_image","twitter_misc":{"Gesch\u00e4tzte Lesezeit":"2\u00a0Minuten"},"schema":{"@context":"https:\/\/schema.org","@graph":[{"@type":"WebPage","@id":"https:\/\/twoagency.sk\/de\/fahrzeugbeklebung\/","url":"https:\/\/twoagency.sk\/de\/fahrzeugbeklebung\/","name":"Fahrzeugbeklebung\u00a0 | Twoagency","isPartOf":{"@id":"https:\/\/twoagency.sk\/#website"},"primaryImageOfPage":{"@id":"https:\/\/twoagency.sk\/de\/fahrzeugbeklebung\/#primaryimage"},"image":{"@id":"https:\/\/twoagency.sk\/de\/fahrzeugbeklebung\/#primaryimage"},"thumbnailUrl":"http:\/\/twoagency.sk\/wp-content\/uploads\/2019\/09\/13350359_1088963237813596_2624737986564370974_o_1088963237813596-300x200.jpg","datePublished":"2019-09-09T10:06:59+00:00","dateModified":"2020-04-08T10:18:02+00:00","breadcrumb":{"@id":"https:\/\/twoagency.sk\/de\/fahrzeugbeklebung\/#breadcrumb"},"inLanguage":"de","potentialAction":[{"@type":"ReadAction","target":["https:\/\/twoagency.sk\/de\/fahrzeugbeklebung\/"]}]},{"@type":"ImageObject","inLanguage":"de","@id":"https:\/\/twoagency.sk\/de\/fahrzeugbeklebung\/#primaryimage","url":"http:\/\/twoagency.sk\/wp-content\/uploads\/2019\/09\/13350359_1088963237813596_2624737986564370974_o_1088963237813596-300x200.jpg","contentUrl":"http:\/\/twoagency.sk\/wp-content\/uploads\/2019\/09\/13350359_1088963237813596_2624737986564370974_o_1088963237813596-300x200.jpg"},{"@type":"BreadcrumbList","@id":"https:\/\/twoagency.sk\/de\/fahrzeugbeklebung\/#breadcrumb","itemListElement":[{"@type":"ListItem","position":1,"name":"Home","item":"https:\/\/twoagency.sk\/de\/"},{"@type":"ListItem","position":2,"name":"Fahrzeugbeklebung\u00a0"}]},{"@type":"WebSite","@id":"https:\/\/twoagency.sk\/#website","url":"https:\/\/twoagency.sk\/","name":"Twoagency","description":"Reklamn\u00e1 agent\u00fara","publisher":{"@id":"https:\/\/twoagency.sk\/#organization"},"potentialAction":[{"@type":"SearchAction","target":{"@type":"EntryPoint","urlTemplate":"https:\/\/twoagency.sk\/?s={search_term_string}"},"query-input":{"@type":"PropertyValueSpecification","valueRequired":true,"valueName":"search_term_string"}}],"inLanguage":"de"},{"@type":"Organization","@id":"https:\/\/twoagency.sk\/#organization","name":"Twoagency","url":"https:\/\/twoagency.sk\/","logo":{"@type":"ImageObject","inLanguage":"de","@id":"https:\/\/twoagency.sk\/#\/schema\/logo\/image\/","url":"https:\/\/twoagency.sk\/wp-content\/uploads\/2020\/05\/Two_Agency_logo_CMYK.jpg","contentUrl":"https:\/\/twoagency.sk\/wp-content\/uploads\/2020\/05\/Two_Agency_logo_CMYK.jpg","width":1200,"height":1200,"caption":"Twoagency"},"image":{"@id":"https:\/\/twoagency.sk\/#\/schema\/logo\/image\/"}}]}},"_links":{"self":[{"href":"https:\/\/twoagency.sk\/de\/wp-json\/wp\/v2\/pages\/5061","targetHints":{"allow":["GET"]}}],"collection":[{"href":"https:\/\/twoagency.sk\/de\/wp-json\/wp\/v2\/pages"}],"about":[{"href":"https:\/\/twoagency.sk\/de\/wp-json\/wp\/v2\/types\/page"}],"author":[{"embeddable":true,"href":"https:\/\/twoagency.sk\/de\/wp-json\/wp\/v2\/users\/3"}],"replies":[{"embeddable":true,"href":"https:\/\/twoagency.sk\/de\/wp-json\/wp\/v2\/comments?post=5061"}],"version-history":[{"count":7,"href":"https:\/\/twoagency.sk\/de\/wp-json\/wp\/v2\/pages\/5061\/revisions"}],"predecessor-version":[{"id":6718,"href":"https:\/\/twoagency.sk\/de\/wp-json\/wp\/v2\/pages\/5061\/revisions\/6718"}],"wp:attachment":[{"href":"https:\/\/twoagency.sk\/de\/wp-json\/wp\/v2\/media?parent=5061"}],"curies":[{"name":"wp","href":"https:\/\/api.w.org\/{rel}","templated":true}]}}