{"id":5074,"date":"2019-08-28T13:10:33","date_gmt":"2019-08-28T11:10:33","guid":{"rendered":"http:\/\/twoagency.sk\/grafika\/"},"modified":"2021-02-24T14:11:24","modified_gmt":"2021-02-24T13:11:24","slug":"grafik","status":"publish","type":"page","link":"https:\/\/twoagency.sk\/de\/services\/grafik\/","title":{"rendered":"Grafik"},"content":{"rendered":"<p>[vc_row rt_row_background_width=&#8220;fullwidth&#8220; rt_row_content_width=&#8220;default&#8220; rt_row_style=&#8220;default-style&#8220; rt_row_height=&#8220;&#8220; rt_column_gaps=&#8220;&#8220; rt_row_shadows=&#8220;&#8220; rt_row_borders=&#8220;&#8220; rt_bg_effect=&#8220;classic&#8220; rt_bg_image_repeat=&#8220;repeat&#8220; rt_bg_size=&#8220;cover&#8220; rt_bg_position=&#8220;right top&#8220; rt_bg_attachment=&#8220;scroll&#8220; rt_bg_layer=&#8220;&#8220; rt_bg_video_format=&#8220;self-hosted&#8220;][vc_column rt_bg_effect=&#8220;classic&#8220; rt_bg_image_repeat=&#8220;repeat&#8220; rt_bg_size=&#8220;auto auto&#8220; rt_bg_position=&#8220;right top&#8220; rt_bg_attachment=&#8220;scroll&#8220;][vc_column_text]<strong>Ein gutes Grafikdesign hilft Menschen, es weckt positive Gef\u00fchle in ihrem Unterbewusstsein und das stellt seinen Mehrwert dar. Es kann, oder sogar muss, einen integralen Bestandteil Ihres Gesch\u00e4fts bilden. Warum?<\/strong><\/p>\n<p><img fetchpriority=\"high\" decoding=\"async\" class=\"alignright wp-image-4989 size-medium\" src=\"http:\/\/twoagency.sk\/wp-content\/uploads\/2019\/09\/shutterstock_530963695-300x200.jpeg\" alt=\"\" width=\"300\" height=\"200\" srcset=\"https:\/\/twoagency.sk\/wp-content\/uploads\/2019\/09\/shutterstock_530963695-300x200.jpeg 300w, https:\/\/twoagency.sk\/wp-content\/uploads\/2019\/09\/shutterstock_530963695-768x512.jpeg 768w, https:\/\/twoagency.sk\/wp-content\/uploads\/2019\/09\/shutterstock_530963695-1024x683.jpeg 1024w\" sizes=\"(max-width: 300px) 100vw, 300px\" \/><\/p>\n<p>Ein erfolgreicher Verkauf beginnt damit, was Ihre Kunden sehen. Es reicht nicht, eine gute Werbung zu haben, gesehen zu werden. Handelt es sich um ein <strong><a href=\"https:\/\/twoagency.sk\/de\/firmenlogos\/\" target=\"_blank\" rel=\"noopener noreferrer\">Firmenlogo<\/a><\/strong>, Visitenkarten, <strong><a href=\"https:\/\/twoagency.sk\/de\/webseiten-photos\/\" target=\"_blank\" rel=\"noopener noreferrer\">Webseite<\/a><\/strong>, Katalog oder Online-Banner, es muss vor allem gefallen&#8230;<br \/>\nAlle oben genannten Formate sind Tr\u00e4ger Ihrer Corporate Identity und des Stils, mit welchem Ihre Marke visuell mit der Umgebung kommuniziert. Hochwertig verarbeitete Werbematerialien bed\u00fcrfen einer professionellen Grafik. Ein erfahrener Designer kann das Charisma Ihrer Marke erh\u00f6hen und einen Mehrwert sch\u00f6pfen, dank dessen Ihr Brand einfach identifizierbar wird. Ein guter grafischer Entwurf beruht auf durchdachten Details und einem sensitiven Zugang zu den Werten der gegebenen Marke.[\/vc_column_text][\/vc_column][\/vc_row][vc_row rt_row_background_width=&#8220;fullwidth&#8220; rt_row_content_width=&#8220;default&#8220; rt_row_style=&#8220;default-style&#8220; rt_row_height=&#8220;&#8220; rt_column_gaps=&#8220;&#8220; rt_row_shadows=&#8220;&#8220; rt_row_borders=&#8220;&#8220; rt_bg_effect=&#8220;classic&#8220; rt_bg_image_repeat=&#8220;repeat&#8220; rt_bg_size=&#8220;cover&#8220; rt_bg_position=&#8220;right top&#8220; rt_bg_attachment=&#8220;scroll&#8220; rt_bg_layer=&#8220;&#8220; rt_bg_video_format=&#8220;self-hosted&#8220;][vc_column rt_bg_effect=&#8220;classic&#8220; rt_bg_image_repeat=&#8220;repeat&#8220; rt_bg_size=&#8220;auto auto&#8220; rt_bg_position=&#8220;right top&#8220; rt_bg_attachment=&#8220;scroll&#8220;][vc_cta h2=&#8220;Brauchen Sie einen grafischen Entwurf oder ein neues Webdesign?&#8220; h2_font_container=&#8220;font_size:25px|color:%23ffffff&#8220; h2_use_theme_fonts=&#8220;yes&#8220; shape=&#8220;square&#8220; color=&#8220;blue&#8220; add_button=&#8220;bottom&#8220; btn_title=&#8220;Kontaktieren Sie uns&#8220; btn_shape=&#8220;round&#8220; btn_color=&#8220;primary&#8220; btn_size=&#8220;lg&#8220; use_custom_fonts_h2=&#8220;true&#8220; btn_link=&#8220;url:https%3A%2F%2Ftwoagency.sk%2Fde%2Fkontakt%2F|title:KONTAKT||&#8220; css=&#8220;.vc_custom_1614172241451{background-color: #1e1e1e !important;}&#8220;]<span style=\"color: #d1d1d1;\">Unsere Grafiker bereiten gerne L\u00f6sungen oder Kampagnen f\u00fcr Sie vor, die Ihrem Gesch\u00e4ft Erfolg bringen werden.<br \/>\n<\/span>[\/vc_cta][\/vc_column][\/vc_row]<\/p>\n","protected":false},"excerpt":{"rendered":"<p>[vc_row rt_row_background_width=&#8220;fullwidth&#8220; rt_row_content_width=&#8220;default&#8220; rt_row_style=&#8220;default-style&#8220; rt_row_height=&#8220;&#8220; rt_column_gaps=&#8220;&#8220; rt_row_shadows=&#8220;&#8220; rt_row_borders=&#8220;&#8220; rt_bg_effect=&#8220;classic&#8220; rt_bg_image_repeat=&#8220;repeat&#8220; rt_bg_size=&#8220;cover&#8220; rt_bg_position=&#8220;right top&#8220; rt_bg_attachment=&#8220;scroll&#8220; rt_bg_layer=&#8220;&#8220; [&hellip;]<\/p>\n","protected":false},"author":3,"featured_media":0,"parent":5083,"menu_order":0,"comment_status":"closed","ping_status":"closed","template":"","meta":{"footnotes":""},"class_list":["post-5074","page","type-page","status-publish","hentry"],"yoast_head":"<!-- This site is optimized with the Yoast SEO plugin v27.3 - https:\/\/yoast.com\/product\/yoast-seo-wordpress\/ -->\n<title>Grafik | Twoagency<\/title>\n<meta name=\"robots\" content=\"index, follow, max-snippet:-1, max-image-preview:large, max-video-preview:-1\" \/>\n<link rel=\"canonical\" href=\"https:\/\/twoagency.sk\/de\/services\/grafik\/\" \/>\n<meta property=\"og:locale\" content=\"de_DE\" \/>\n<meta property=\"og:type\" content=\"article\" \/>\n<meta property=\"og:title\" content=\"Grafik | Twoagency\" \/>\n<meta property=\"og:description\" content=\"[vc_row rt_row_background_width=&#8220;fullwidth&#8220; rt_row_content_width=&#8220;default&#8220; rt_row_style=&#8220;default-style&#8220; rt_row_height=&#8220;&#8220; rt_column_gaps=&#8220;&#8220; rt_row_shadows=&#8220;&#8220; rt_row_borders=&#8220;&#8220; rt_bg_effect=&#8220;classic&#8220; rt_bg_image_repeat=&#8220;repeat&#8220; rt_bg_size=&#8220;cover&#8220; rt_bg_position=&#8220;right top&#8220; rt_bg_attachment=&#8220;scroll&#8220; rt_bg_layer=&#8220;&#8220; [&hellip;]\" \/>\n<meta property=\"og:url\" content=\"https:\/\/twoagency.sk\/de\/services\/grafik\/\" \/>\n<meta property=\"og:site_name\" content=\"Twoagency\" \/>\n<meta property=\"article:modified_time\" content=\"2021-02-24T13:11:24+00:00\" \/>\n<meta property=\"og:image\" content=\"http:\/\/twoagency.sk\/wp-content\/uploads\/2019\/09\/shutterstock_530963695-300x200.jpeg\" \/>\n<meta name=\"twitter:card\" content=\"summary_large_image\" \/>\n<meta name=\"twitter:label1\" content=\"Gesch\u00e4tzte Lesezeit\" \/>\n\t<meta name=\"twitter:data1\" content=\"2\u00a0Minuten\" \/>\n<script type=\"application\/ld+json\" class=\"yoast-schema-graph\">{\"@context\":\"https:\\\/\\\/schema.org\",\"@graph\":[{\"@type\":\"WebPage\",\"@id\":\"https:\\\/\\\/twoagency.sk\\\/de\\\/services\\\/grafik\\\/\",\"url\":\"https:\\\/\\\/twoagency.sk\\\/de\\\/services\\\/grafik\\\/\",\"name\":\"Grafik | Twoagency\",\"isPartOf\":{\"@id\":\"https:\\\/\\\/twoagency.sk\\\/#website\"},\"primaryImageOfPage\":{\"@id\":\"https:\\\/\\\/twoagency.sk\\\/de\\\/services\\\/grafik\\\/#primaryimage\"},\"image\":{\"@id\":\"https:\\\/\\\/twoagency.sk\\\/de\\\/services\\\/grafik\\\/#primaryimage\"},\"thumbnailUrl\":\"http:\\\/\\\/twoagency.sk\\\/wp-content\\\/uploads\\\/2019\\\/09\\\/shutterstock_530963695-300x200.jpeg\",\"datePublished\":\"2019-08-28T11:10:33+00:00\",\"dateModified\":\"2021-02-24T13:11:24+00:00\",\"breadcrumb\":{\"@id\":\"https:\\\/\\\/twoagency.sk\\\/de\\\/services\\\/grafik\\\/#breadcrumb\"},\"inLanguage\":\"de\",\"potentialAction\":[{\"@type\":\"ReadAction\",\"target\":[\"https:\\\/\\\/twoagency.sk\\\/de\\\/services\\\/grafik\\\/\"]}]},{\"@type\":\"ImageObject\",\"inLanguage\":\"de\",\"@id\":\"https:\\\/\\\/twoagency.sk\\\/de\\\/services\\\/grafik\\\/#primaryimage\",\"url\":\"http:\\\/\\\/twoagency.sk\\\/wp-content\\\/uploads\\\/2019\\\/09\\\/shutterstock_530963695-300x200.jpeg\",\"contentUrl\":\"http:\\\/\\\/twoagency.sk\\\/wp-content\\\/uploads\\\/2019\\\/09\\\/shutterstock_530963695-300x200.jpeg\"},{\"@type\":\"BreadcrumbList\",\"@id\":\"https:\\\/\\\/twoagency.sk\\\/de\\\/services\\\/grafik\\\/#breadcrumb\",\"itemListElement\":[{\"@type\":\"ListItem\",\"position\":1,\"name\":\"Home\",\"item\":\"https:\\\/\\\/twoagency.sk\\\/de\\\/\"},{\"@type\":\"ListItem\",\"position\":2,\"name\":\"Unsere Dienstleistungen\",\"item\":\"https:\\\/\\\/twoagency.sk\\\/de\\\/services\\\/\"},{\"@type\":\"ListItem\",\"position\":3,\"name\":\"Grafik\"}]},{\"@type\":\"WebSite\",\"@id\":\"https:\\\/\\\/twoagency.sk\\\/#website\",\"url\":\"https:\\\/\\\/twoagency.sk\\\/\",\"name\":\"Twoagency\",\"description\":\"Reklamn\u00e1 agent\u00fara\",\"publisher\":{\"@id\":\"https:\\\/\\\/twoagency.sk\\\/#organization\"},\"potentialAction\":[{\"@type\":\"SearchAction\",\"target\":{\"@type\":\"EntryPoint\",\"urlTemplate\":\"https:\\\/\\\/twoagency.sk\\\/?s={search_term_string}\"},\"query-input\":{\"@type\":\"PropertyValueSpecification\",\"valueRequired\":true,\"valueName\":\"search_term_string\"}}],\"inLanguage\":\"de\"},{\"@type\":\"Organization\",\"@id\":\"https:\\\/\\\/twoagency.sk\\\/#organization\",\"name\":\"Twoagency\",\"url\":\"https:\\\/\\\/twoagency.sk\\\/\",\"logo\":{\"@type\":\"ImageObject\",\"inLanguage\":\"de\",\"@id\":\"https:\\\/\\\/twoagency.sk\\\/#\\\/schema\\\/logo\\\/image\\\/\",\"url\":\"https:\\\/\\\/twoagency.sk\\\/wp-content\\\/uploads\\\/2020\\\/05\\\/Two_Agency_logo_CMYK.jpg\",\"contentUrl\":\"https:\\\/\\\/twoagency.sk\\\/wp-content\\\/uploads\\\/2020\\\/05\\\/Two_Agency_logo_CMYK.jpg\",\"width\":1200,\"height\":1200,\"caption\":\"Twoagency\"},\"image\":{\"@id\":\"https:\\\/\\\/twoagency.sk\\\/#\\\/schema\\\/logo\\\/image\\\/\"}}]}<\/script>\n<!-- \/ Yoast SEO plugin. -->","yoast_head_json":{"title":"Grafik | Twoagency","robots":{"index":"index","follow":"follow","max-snippet":"max-snippet:-1","max-image-preview":"max-image-preview:large","max-video-preview":"max-video-preview:-1"},"canonical":"https:\/\/twoagency.sk\/de\/services\/grafik\/","og_locale":"de_DE","og_type":"article","og_title":"Grafik | Twoagency","og_description":"[vc_row rt_row_background_width=&#8220;fullwidth&#8220; rt_row_content_width=&#8220;default&#8220; rt_row_style=&#8220;default-style&#8220; rt_row_height=&#8220;&#8220; rt_column_gaps=&#8220;&#8220; rt_row_shadows=&#8220;&#8220; rt_row_borders=&#8220;&#8220; rt_bg_effect=&#8220;classic&#8220; rt_bg_image_repeat=&#8220;repeat&#8220; rt_bg_size=&#8220;cover&#8220; rt_bg_position=&#8220;right top&#8220; rt_bg_attachment=&#8220;scroll&#8220; rt_bg_layer=&#8220;&#8220; [&hellip;]","og_url":"https:\/\/twoagency.sk\/de\/services\/grafik\/","og_site_name":"Twoagency","article_modified_time":"2021-02-24T13:11:24+00:00","og_image":[{"url":"http:\/\/twoagency.sk\/wp-content\/uploads\/2019\/09\/shutterstock_530963695-300x200.jpeg","type":"","width":"","height":""}],"twitter_card":"summary_large_image","twitter_misc":{"Gesch\u00e4tzte Lesezeit":"2\u00a0Minuten"},"schema":{"@context":"https:\/\/schema.org","@graph":[{"@type":"WebPage","@id":"https:\/\/twoagency.sk\/de\/services\/grafik\/","url":"https:\/\/twoagency.sk\/de\/services\/grafik\/","name":"Grafik | Twoagency","isPartOf":{"@id":"https:\/\/twoagency.sk\/#website"},"primaryImageOfPage":{"@id":"https:\/\/twoagency.sk\/de\/services\/grafik\/#primaryimage"},"image":{"@id":"https:\/\/twoagency.sk\/de\/services\/grafik\/#primaryimage"},"thumbnailUrl":"http:\/\/twoagency.sk\/wp-content\/uploads\/2019\/09\/shutterstock_530963695-300x200.jpeg","datePublished":"2019-08-28T11:10:33+00:00","dateModified":"2021-02-24T13:11:24+00:00","breadcrumb":{"@id":"https:\/\/twoagency.sk\/de\/services\/grafik\/#breadcrumb"},"inLanguage":"de","potentialAction":[{"@type":"ReadAction","target":["https:\/\/twoagency.sk\/de\/services\/grafik\/"]}]},{"@type":"ImageObject","inLanguage":"de","@id":"https:\/\/twoagency.sk\/de\/services\/grafik\/#primaryimage","url":"http:\/\/twoagency.sk\/wp-content\/uploads\/2019\/09\/shutterstock_530963695-300x200.jpeg","contentUrl":"http:\/\/twoagency.sk\/wp-content\/uploads\/2019\/09\/shutterstock_530963695-300x200.jpeg"},{"@type":"BreadcrumbList","@id":"https:\/\/twoagency.sk\/de\/services\/grafik\/#breadcrumb","itemListElement":[{"@type":"ListItem","position":1,"name":"Home","item":"https:\/\/twoagency.sk\/de\/"},{"@type":"ListItem","position":2,"name":"Unsere Dienstleistungen","item":"https:\/\/twoagency.sk\/de\/services\/"},{"@type":"ListItem","position":3,"name":"Grafik"}]},{"@type":"WebSite","@id":"https:\/\/twoagency.sk\/#website","url":"https:\/\/twoagency.sk\/","name":"Twoagency","description":"Reklamn\u00e1 agent\u00fara","publisher":{"@id":"https:\/\/twoagency.sk\/#organization"},"potentialAction":[{"@type":"SearchAction","target":{"@type":"EntryPoint","urlTemplate":"https:\/\/twoagency.sk\/?s={search_term_string}"},"query-input":{"@type":"PropertyValueSpecification","valueRequired":true,"valueName":"search_term_string"}}],"inLanguage":"de"},{"@type":"Organization","@id":"https:\/\/twoagency.sk\/#organization","name":"Twoagency","url":"https:\/\/twoagency.sk\/","logo":{"@type":"ImageObject","inLanguage":"de","@id":"https:\/\/twoagency.sk\/#\/schema\/logo\/image\/","url":"https:\/\/twoagency.sk\/wp-content\/uploads\/2020\/05\/Two_Agency_logo_CMYK.jpg","contentUrl":"https:\/\/twoagency.sk\/wp-content\/uploads\/2020\/05\/Two_Agency_logo_CMYK.jpg","width":1200,"height":1200,"caption":"Twoagency"},"image":{"@id":"https:\/\/twoagency.sk\/#\/schema\/logo\/image\/"}}]}},"_links":{"self":[{"href":"https:\/\/twoagency.sk\/de\/wp-json\/wp\/v2\/pages\/5074","targetHints":{"allow":["GET"]}}],"collection":[{"href":"https:\/\/twoagency.sk\/de\/wp-json\/wp\/v2\/pages"}],"about":[{"href":"https:\/\/twoagency.sk\/de\/wp-json\/wp\/v2\/types\/page"}],"author":[{"embeddable":true,"href":"https:\/\/twoagency.sk\/de\/wp-json\/wp\/v2\/users\/3"}],"replies":[{"embeddable":true,"href":"https:\/\/twoagency.sk\/de\/wp-json\/wp\/v2\/comments?post=5074"}],"version-history":[{"count":9,"href":"https:\/\/twoagency.sk\/de\/wp-json\/wp\/v2\/pages\/5074\/revisions"}],"predecessor-version":[{"id":8232,"href":"https:\/\/twoagency.sk\/de\/wp-json\/wp\/v2\/pages\/5074\/revisions\/8232"}],"up":[{"embeddable":true,"href":"https:\/\/twoagency.sk\/de\/wp-json\/wp\/v2\/pages\/5083"}],"wp:attachment":[{"href":"https:\/\/twoagency.sk\/de\/wp-json\/wp\/v2\/media?parent=5074"}],"curies":[{"name":"wp","href":"https:\/\/api.w.org\/{rel}","templated":true}]}}