{"id":5083,"date":"2019-09-09T14:15:02","date_gmt":"2019-09-09T12:15:02","guid":{"rendered":"http:\/\/twoagency.sk\/?page_id=5083"},"modified":"2020-04-01T15:31:55","modified_gmt":"2020-04-01T13:31:55","slug":"services","status":"publish","type":"page","link":"https:\/\/twoagency.sk\/de\/services\/","title":{"rendered":"Unsere Dienstleistungen"},"content":{"rendered":"<p>[vc_row rt_row_background_width=&#8220;fullwidth&#8220; rt_row_content_width=&#8220;default&#8220; rt_row_style=&#8220;default-style&#8220; rt_row_height=&#8220;&#8220; rt_column_view=&#8220;grid&#8220; rt_column_gaps=&#8220;&#8220; rt_row_shadows=&#8220;&#8220; rt_col_anim=&#8220;true&#8220; rt_row_borders=&#8220;bottom&#8220; rt_bg_effect=&#8220;classic&#8220; rt_bg_image_repeat=&#8220;repeat&#8220; rt_bg_size=&#8220;cover&#8220; rt_bg_position=&#8220;right top&#8220; rt_bg_attachment=&#8220;scroll&#8220; rt_bg_layer=&#8220;&#8220; rt_bg_video_format=&#8220;self-hosted&#8220; rt_row_paddings=&#8220;false&#8220; rt_class=&#8220;rt-9042709&#8243; rt_paddings=&#8220;,,,&#8220; rt_margins=&#8220;,,,&#8220; rt_content_margins=&#8220;,,,&#8220; rt_tablet_paddings=&#8220;,,,&#8220; rt_tablet_margins=&#8220;,,,&#8220; rt_tablet_content_margins=&#8220;,,,&#8220; rt_sp_paddings=&#8220;,,,&#8220; rt_sp_margins=&#8220;,,,&#8220; rt_sp_content_margins=&#8220;,,,&#8220;][vc_column width=&#8220;1\/3&#8243; rt_bg_effect=&#8220;classic&#8220; rt_bg_image_repeat=&#8220;repeat&#8220; rt_bg_size=&#8220;auto auto&#8220; rt_bg_position=&#8220;right top&#8220; rt_bg_attachment=&#8220;scroll&#8220;]<article  class=\"icon-content-box icon-pos-top icon-style-6\"><div class=\"icon-holder\"><span class=\"icon-basic-picture\"><\/span><\/div><div class=\"text-holder\"><h6 class=\"heading\">Innenwerbung und Au\u00dfenwerbung<\/h6> <p class=\"aligncenter\">Die Indoor- und Outdoor-Werbung bieten ein breites Spektrum an Formaten und M\u00f6glichkeiten. Der gr\u00f6\u00dfte Vorteil ist ein relativ genaues Targeting, eine gute Sichtbarkeit und genug Raum f\u00fcr Kreativit\u00e4t.<\/p>\n<\/div><\/article><div class=\"button_wrapper  aligncenter arrow rounded\"><a href=\"https:\/\/twoagency.sk\/de\/services\/innenwerbung-und-aussenwerbung\/\" target=\"_self\" title=\"Mehr Info\" class=\"button_  style-2 small rt-4168993\"><span><span>Mehr Info<\/span><\/span><\/a><\/div>[\/vc_column][vc_column width=&#8220;1\/3&#8243; rt_bg_effect=&#8220;classic&#8220; rt_bg_image_repeat=&#8220;repeat&#8220; rt_bg_size=&#8220;auto auto&#8220; rt_bg_position=&#8220;right top&#8220; rt_bg_attachment=&#8220;scroll&#8220;]<article  class=\"icon-content-box icon-pos-top icon-style-6\"><div class=\"icon-holder\"><span class=\"icon-basic-printer\"><\/span><\/div><div class=\"text-holder\"><h6 class=\"heading\">Druck<\/h6> <p class=\"aligncenter\">Wir gestalten folgende Drucksachen f\u00fcr Sie: Digitaldruck oder Offsetdruck, Gro\u00dfformatdruck (Banner, Reklametafeln, Werbeleinw\u00e4nde), Visitenkarten, Flugbl\u00e4tter, Brosch\u00fcren oder Kataloge.<\/p>\n<\/div><\/article><div class=\"button_wrapper  aligncenter arrow rounded\"><a href=\"https:\/\/twoagency.sk\/de\/services\/druck\/\" target=\"_self\" title=\"Mehr Info\" class=\"button_  style-2 small rt-6628827\"><span><span>Mehr Info<\/span><\/span><\/a><\/div>[\/vc_column][vc_column width=&#8220;1\/3&#8243; rt_bg_effect=&#8220;classic&#8220; rt_bg_image_repeat=&#8220;repeat&#8220; rt_bg_size=&#8220;auto auto&#8220; rt_bg_position=&#8220;right top&#8220; rt_bg_attachment=&#8220;scroll&#8220;]<article  class=\"icon-content-box icon-pos-top icon-style-6\"><div class=\"icon-holder\"><span class=\"icon-basic-postcard\"><\/span><\/div><div class=\"text-holder\"><h6 class=\"heading\">Grafik<\/h6> <p class=\"aligncenter\">Ein gutes Grafikdesign hilft Menschen, es weckt positive Gef\u00fchle in ihrem Unterbewusstsein und das stellt seinen Mehrwert dar. Es kann, oder sogar muss, einen integralen Bestandteil Ihres Gesch\u00e4fts bilden. Warum?<\/p>\n<\/div><\/article><div class=\"button_wrapper  aligncenter arrow rounded\"><a href=\"https:\/\/twoagency.sk\/de\/services\/grafik\/\" target=\"_self\" title=\"Mehr Info\" class=\"button_  style-2 small rt-4214243\"><span><span>Mehr Info<\/span><\/span><\/a><\/div>[\/vc_column][\/vc_row][vc_row rt_row_background_width=&#8220;fullwidth&#8220; rt_row_content_width=&#8220;default&#8220; rt_row_style=&#8220;default-style&#8220; rt_row_height=&#8220;&#8220; rt_column_view=&#8220;grid&#8220; rt_column_gaps=&#8220;&#8220; rt_row_shadows=&#8220;&#8220; rt_col_anim=&#8220;true&#8220; rt_row_borders=&#8220;bottom&#8220; rt_bg_effect=&#8220;classic&#8220; rt_bg_image_repeat=&#8220;repeat&#8220; rt_bg_size=&#8220;cover&#8220; rt_bg_position=&#8220;right top&#8220; rt_bg_attachment=&#8220;scroll&#8220; rt_bg_layer=&#8220;&#8220; rt_bg_video_format=&#8220;self-hosted&#8220; rt_row_paddings=&#8220;false&#8220; rt_class=&#8220;rt-9042709&#8243; rt_paddings=&#8220;,,,&#8220; rt_margins=&#8220;,,,&#8220; rt_content_margins=&#8220;,,,&#8220; rt_tablet_paddings=&#8220;,,,&#8220; rt_tablet_margins=&#8220;,,,&#8220; rt_tablet_content_margins=&#8220;,,,&#8220; rt_sp_paddings=&#8220;,,,&#8220; rt_sp_margins=&#8220;,,,&#8220; rt_sp_content_margins=&#8220;,,,&#8220;][vc_column width=&#8220;1\/3&#8243; rt_bg_effect=&#8220;classic&#8220; rt_bg_image_repeat=&#8220;repeat&#8220; rt_bg_size=&#8220;auto auto&#8220; rt_bg_position=&#8220;right top&#8220; rt_bg_attachment=&#8220;scroll&#8220;]<article  class=\"icon-content-box icon-pos-top icon-style-6\"><div class=\"icon-holder\"><span class=\"icon-basic-calendar\"><\/span><\/div><div class=\"text-holder\"><h6 class=\"heading\">Fahrzeugbeklebung<\/h6> <p class=\"aligncenter\" style=\"background: white; text-align: left;\" align=\"center\"><span style=\"font-family: 'Fira Sans','sans-serif'; color: #777777;\">Wir putzen Ihr Fahrzeug mit dem Firmenlogo heraus, f\u00fcgen ein paar kreative Ideen aus unserer Werkstatt dazu und der Erfolg wird garantiert!<\/span><\/p>\n<\/div><\/article><div class=\"button_wrapper  aligncenter arrow rounded\"><a href=\"https:\/\/twoagency.sk\/de\/fahrzeugbeklebung\/\" target=\"_self\" title=\"Mehr Info\" class=\"button_  style-2 small rt-9424827\"><span><span>Mehr Info<\/span><\/span><\/a><\/div>[\/vc_column][vc_column width=&#8220;1\/3&#8243; rt_bg_effect=&#8220;classic&#8220; rt_bg_image_repeat=&#8220;repeat&#8220; rt_bg_size=&#8220;auto auto&#8220; rt_bg_position=&#8220;right top&#8220; rt_bg_attachment=&#8220;scroll&#8220;]<article  class=\"icon-content-box icon-pos-top icon-style-6\"><div class=\"icon-holder\"><span class=\"icon-basic-tag\"><\/span><\/div><div class=\"text-holder\"><h6 class=\"heading\">Siebdruck<\/h6> <p class=\"aligncenter\">Den Begriff Siebdruck kennt jeder, aber nur wenige wissen, wie es funktioniert. Diese einzigartige Methode bringt eine langanhaltende Bedruckung mit lebhaften Farben und einer genauen Technik.<\/p>\n<\/div><\/article><div class=\"button_wrapper  aligncenter arrow rounded\"><a href=\"https:\/\/twoagency.sk\/de\/services\/siebdruck\/\" target=\"_self\" title=\"Mehr Info\" class=\"button_  style-2 small rt-2192414\"><span><span>Mehr Info<\/span><\/span><\/a><\/div>[\/vc_column][vc_column width=&#8220;1\/3&#8243; rt_bg_effect=&#8220;classic&#8220; rt_bg_image_repeat=&#8220;repeat&#8220; rt_bg_size=&#8220;auto auto&#8220; rt_bg_position=&#8220;right top&#8220; rt_bg_attachment=&#8220;scroll&#8220;]<article  class=\"icon-content-box icon-pos-top icon-style-6\"><div class=\"icon-holder\"><span class=\"icon-basic-laptop\"><\/span><\/div><div class=\"text-holder\"><h6 class=\"heading\">Webseiten<\/h6> <p class=\"aligncenter\">W\u00fcnschen Sie sich eine moderne und responsive Webseite mit \u00c4nderungsm\u00f6glichkeiten, ohne dass Sie Programmierungskenntnisse besitzen m\u00fcssten? Klicken Sie nur weiter\u2026<\/p>\n<\/div><\/article><div class=\"button_wrapper  aligncenter arrow rounded\"><a href=\"https:\/\/twoagency.sk\/de\/services\/webseiten\/\" target=\"_self\" title=\"Mehr Info\" class=\"button_  style-2 small rt-4408333\"><span><span>Mehr Info<\/span><\/span><\/a><\/div>[\/vc_column][\/vc_row][vc_row rt_row_background_width=&#8220;fullwidth&#8220; rt_row_content_width=&#8220;default&#8220; rt_row_style=&#8220;default-style&#8220; rt_row_height=&#8220;&#8220; rt_column_gaps=&#8220;&#8220; rt_row_shadows=&#8220;&#8220; rt_row_borders=&#8220;&#8220; rt_bg_effect=&#8220;classic&#8220; rt_bg_image_repeat=&#8220;repeat&#8220; rt_bg_size=&#8220;cover&#8220; rt_bg_position=&#8220;right top&#8220; rt_bg_attachment=&#8220;scroll&#8220; rt_bg_layer=&#8220;&#8220; rt_bg_video_format=&#8220;self-hosted&#8220;][vc_column rt_bg_effect=&#8220;classic&#8220; rt_bg_image_repeat=&#8220;repeat&#8220; rt_bg_size=&#8220;auto auto&#8220; rt_bg_position=&#8220;right top&#8220; rt_bg_attachment=&#8220;scroll&#8220;][vc_cta h2=&#8220;Kleine Agentur, gro\u00dfe Ideen!&#8220; h2_font_container=&#8220;font_size:25px|color:%23ffffff&#8220; h2_use_theme_fonts=&#8220;yes&#8220; shape=&#8220;square&#8220; color=&#8220;blue&#8220; add_button=&#8220;bottom&#8220; btn_title=&#8220;Kontaktieren Sie uns&#8220; btn_shape=&#8220;round&#8220; btn_color=&#8220;primary&#8220; btn_size=&#8220;lg&#8220; use_custom_fonts_h2=&#8220;true&#8220; btn_link=&#8220;url:https%3A%2F%2Ftwoagency.sk%2Fde%2Fkontakt%2F|title:KONTAKT||&#8220; css=&#8220;.vc_custom_1570003757573{background-color: #1e1e1e !important;}&#8220;]<span style=\"color: #d1d1d1;\">Das sind wir, aus dem Planeten Werbung! Unser kreatives Team verbindet die Online- und Offline- Werbung.<br \/>\n<\/span>[\/vc_cta][\/vc_column][\/vc_row]<\/p>\n","protected":false},"excerpt":{"rendered":"<p>[vc_row rt_row_background_width=&#8220;fullwidth&#8220; rt_row_content_width=&#8220;default&#8220; rt_row_style=&#8220;default-style&#8220; rt_row_height=&#8220;&#8220; rt_column_view=&#8220;grid&#8220; rt_column_gaps=&#8220;&#8220; rt_row_shadows=&#8220;&#8220; rt_col_anim=&#8220;true&#8220; rt_row_borders=&#8220;bottom&#8220; rt_bg_effect=&#8220;classic&#8220; rt_bg_image_repeat=&#8220;repeat&#8220; rt_bg_size=&#8220;cover&#8220; rt_bg_position=&#8220;right top&#8220; [&hellip;]<\/p>\n","protected":false},"author":3,"featured_media":0,"parent":0,"menu_order":0,"comment_status":"closed","ping_status":"closed","template":"","meta":{"footnotes":""},"class_list":["post-5083","page","type-page","status-publish","hentry"],"yoast_head":"<!-- This site is optimized with the Yoast SEO plugin v27.3 - https:\/\/yoast.com\/product\/yoast-seo-wordpress\/ -->\n<title>Unsere Dienstleistungen | Twoagency<\/title>\n<meta name=\"robots\" content=\"index, follow, max-snippet:-1, max-image-preview:large, max-video-preview:-1\" \/>\n<link rel=\"canonical\" href=\"https:\/\/twoagency.sk\/de\/services\/\" \/>\n<meta property=\"og:locale\" content=\"de_DE\" \/>\n<meta property=\"og:type\" content=\"article\" \/>\n<meta property=\"og:title\" content=\"Unsere Dienstleistungen | Twoagency\" \/>\n<meta property=\"og:description\" content=\"[vc_row rt_row_background_width=&#8220;fullwidth&#8220; rt_row_content_width=&#8220;default&#8220; rt_row_style=&#8220;default-style&#8220; rt_row_height=&#8220;&#8220; rt_column_view=&#8220;grid&#8220; rt_column_gaps=&#8220;&#8220; rt_row_shadows=&#8220;&#8220; rt_col_anim=&#8220;true&#8220; rt_row_borders=&#8220;bottom&#8220; rt_bg_effect=&#8220;classic&#8220; rt_bg_image_repeat=&#8220;repeat&#8220; rt_bg_size=&#8220;cover&#8220; rt_bg_position=&#8220;right top&#8220; [&hellip;]\" \/>\n<meta property=\"og:url\" content=\"https:\/\/twoagency.sk\/de\/services\/\" \/>\n<meta property=\"og:site_name\" content=\"Twoagency\" \/>\n<meta property=\"article:modified_time\" content=\"2020-04-01T13:31:55+00:00\" \/>\n<meta name=\"twitter:card\" content=\"summary_large_image\" \/>\n<meta name=\"twitter:label1\" content=\"Gesch\u00e4tzte Lesezeit\" \/>\n\t<meta name=\"twitter:data1\" content=\"5\u00a0Minuten\" \/>\n<script type=\"application\/ld+json\" class=\"yoast-schema-graph\">{\"@context\":\"https:\\\/\\\/schema.org\",\"@graph\":[{\"@type\":\"WebPage\",\"@id\":\"https:\\\/\\\/twoagency.sk\\\/de\\\/services\\\/\",\"url\":\"https:\\\/\\\/twoagency.sk\\\/de\\\/services\\\/\",\"name\":\"Unsere Dienstleistungen | Twoagency\",\"isPartOf\":{\"@id\":\"https:\\\/\\\/twoagency.sk\\\/#website\"},\"datePublished\":\"2019-09-09T12:15:02+00:00\",\"dateModified\":\"2020-04-01T13:31:55+00:00\",\"breadcrumb\":{\"@id\":\"https:\\\/\\\/twoagency.sk\\\/de\\\/services\\\/#breadcrumb\"},\"inLanguage\":\"de\",\"potentialAction\":[{\"@type\":\"ReadAction\",\"target\":[\"https:\\\/\\\/twoagency.sk\\\/de\\\/services\\\/\"]}]},{\"@type\":\"BreadcrumbList\",\"@id\":\"https:\\\/\\\/twoagency.sk\\\/de\\\/services\\\/#breadcrumb\",\"itemListElement\":[{\"@type\":\"ListItem\",\"position\":1,\"name\":\"Home\",\"item\":\"https:\\\/\\\/twoagency.sk\\\/de\\\/\"},{\"@type\":\"ListItem\",\"position\":2,\"name\":\"Unsere Dienstleistungen\"}]},{\"@type\":\"WebSite\",\"@id\":\"https:\\\/\\\/twoagency.sk\\\/#website\",\"url\":\"https:\\\/\\\/twoagency.sk\\\/\",\"name\":\"Twoagency\",\"description\":\"Reklamn\u00e1 agent\u00fara\",\"publisher\":{\"@id\":\"https:\\\/\\\/twoagency.sk\\\/#organization\"},\"potentialAction\":[{\"@type\":\"SearchAction\",\"target\":{\"@type\":\"EntryPoint\",\"urlTemplate\":\"https:\\\/\\\/twoagency.sk\\\/?s={search_term_string}\"},\"query-input\":{\"@type\":\"PropertyValueSpecification\",\"valueRequired\":true,\"valueName\":\"search_term_string\"}}],\"inLanguage\":\"de\"},{\"@type\":\"Organization\",\"@id\":\"https:\\\/\\\/twoagency.sk\\\/#organization\",\"name\":\"Twoagency\",\"url\":\"https:\\\/\\\/twoagency.sk\\\/\",\"logo\":{\"@type\":\"ImageObject\",\"inLanguage\":\"de\",\"@id\":\"https:\\\/\\\/twoagency.sk\\\/#\\\/schema\\\/logo\\\/image\\\/\",\"url\":\"https:\\\/\\\/twoagency.sk\\\/wp-content\\\/uploads\\\/2020\\\/05\\\/Two_Agency_logo_CMYK.jpg\",\"contentUrl\":\"https:\\\/\\\/twoagency.sk\\\/wp-content\\\/uploads\\\/2020\\\/05\\\/Two_Agency_logo_CMYK.jpg\",\"width\":1200,\"height\":1200,\"caption\":\"Twoagency\"},\"image\":{\"@id\":\"https:\\\/\\\/twoagency.sk\\\/#\\\/schema\\\/logo\\\/image\\\/\"}}]}<\/script>\n<!-- \/ Yoast SEO plugin. -->","yoast_head_json":{"title":"Unsere Dienstleistungen | Twoagency","robots":{"index":"index","follow":"follow","max-snippet":"max-snippet:-1","max-image-preview":"max-image-preview:large","max-video-preview":"max-video-preview:-1"},"canonical":"https:\/\/twoagency.sk\/de\/services\/","og_locale":"de_DE","og_type":"article","og_title":"Unsere Dienstleistungen | Twoagency","og_description":"[vc_row rt_row_background_width=&#8220;fullwidth&#8220; rt_row_content_width=&#8220;default&#8220; rt_row_style=&#8220;default-style&#8220; rt_row_height=&#8220;&#8220; rt_column_view=&#8220;grid&#8220; rt_column_gaps=&#8220;&#8220; rt_row_shadows=&#8220;&#8220; rt_col_anim=&#8220;true&#8220; rt_row_borders=&#8220;bottom&#8220; rt_bg_effect=&#8220;classic&#8220; rt_bg_image_repeat=&#8220;repeat&#8220; rt_bg_size=&#8220;cover&#8220; rt_bg_position=&#8220;right top&#8220; [&hellip;]","og_url":"https:\/\/twoagency.sk\/de\/services\/","og_site_name":"Twoagency","article_modified_time":"2020-04-01T13:31:55+00:00","twitter_card":"summary_large_image","twitter_misc":{"Gesch\u00e4tzte Lesezeit":"5\u00a0Minuten"},"schema":{"@context":"https:\/\/schema.org","@graph":[{"@type":"WebPage","@id":"https:\/\/twoagency.sk\/de\/services\/","url":"https:\/\/twoagency.sk\/de\/services\/","name":"Unsere Dienstleistungen | Twoagency","isPartOf":{"@id":"https:\/\/twoagency.sk\/#website"},"datePublished":"2019-09-09T12:15:02+00:00","dateModified":"2020-04-01T13:31:55+00:00","breadcrumb":{"@id":"https:\/\/twoagency.sk\/de\/services\/#breadcrumb"},"inLanguage":"de","potentialAction":[{"@type":"ReadAction","target":["https:\/\/twoagency.sk\/de\/services\/"]}]},{"@type":"BreadcrumbList","@id":"https:\/\/twoagency.sk\/de\/services\/#breadcrumb","itemListElement":[{"@type":"ListItem","position":1,"name":"Home","item":"https:\/\/twoagency.sk\/de\/"},{"@type":"ListItem","position":2,"name":"Unsere Dienstleistungen"}]},{"@type":"WebSite","@id":"https:\/\/twoagency.sk\/#website","url":"https:\/\/twoagency.sk\/","name":"Twoagency","description":"Reklamn\u00e1 agent\u00fara","publisher":{"@id":"https:\/\/twoagency.sk\/#organization"},"potentialAction":[{"@type":"SearchAction","target":{"@type":"EntryPoint","urlTemplate":"https:\/\/twoagency.sk\/?s={search_term_string}"},"query-input":{"@type":"PropertyValueSpecification","valueRequired":true,"valueName":"search_term_string"}}],"inLanguage":"de"},{"@type":"Organization","@id":"https:\/\/twoagency.sk\/#organization","name":"Twoagency","url":"https:\/\/twoagency.sk\/","logo":{"@type":"ImageObject","inLanguage":"de","@id":"https:\/\/twoagency.sk\/#\/schema\/logo\/image\/","url":"https:\/\/twoagency.sk\/wp-content\/uploads\/2020\/05\/Two_Agency_logo_CMYK.jpg","contentUrl":"https:\/\/twoagency.sk\/wp-content\/uploads\/2020\/05\/Two_Agency_logo_CMYK.jpg","width":1200,"height":1200,"caption":"Twoagency"},"image":{"@id":"https:\/\/twoagency.sk\/#\/schema\/logo\/image\/"}}]}},"_links":{"self":[{"href":"https:\/\/twoagency.sk\/de\/wp-json\/wp\/v2\/pages\/5083","targetHints":{"allow":["GET"]}}],"collection":[{"href":"https:\/\/twoagency.sk\/de\/wp-json\/wp\/v2\/pages"}],"about":[{"href":"https:\/\/twoagency.sk\/de\/wp-json\/wp\/v2\/types\/page"}],"author":[{"embeddable":true,"href":"https:\/\/twoagency.sk\/de\/wp-json\/wp\/v2\/users\/3"}],"replies":[{"embeddable":true,"href":"https:\/\/twoagency.sk\/de\/wp-json\/wp\/v2\/comments?post=5083"}],"version-history":[{"count":9,"href":"https:\/\/twoagency.sk\/de\/wp-json\/wp\/v2\/pages\/5083\/revisions"}],"predecessor-version":[{"id":6609,"href":"https:\/\/twoagency.sk\/de\/wp-json\/wp\/v2\/pages\/5083\/revisions\/6609"}],"wp:attachment":[{"href":"https:\/\/twoagency.sk\/de\/wp-json\/wp\/v2\/media?parent=5083"}],"curies":[{"name":"wp","href":"https:\/\/api.w.org\/{rel}","templated":true}]}}