{"id":5104,"date":"2019-09-10T08:26:05","date_gmt":"2019-09-10T06:26:05","guid":{"rendered":"http:\/\/twoagency.sk\/?page_id=5104"},"modified":"2021-02-24T13:57:23","modified_gmt":"2021-02-24T12:57:23","slug":"datenschutzerklaerung-der-gesellschaft","status":"publish","type":"page","link":"https:\/\/twoagency.sk\/de\/datenschutzerklaerung-der-gesellschaft\/","title":{"rendered":"Datenschutzerkl\u00e4rung der Gesellschaft"},"content":{"rendered":"<p>[vc_row rt_row_background_width=&#8220;fullwidth&#8220; rt_row_content_width=&#8220;default&#8220; rt_row_style=&#8220;default-style&#8220; rt_row_height=&#8220;&#8220; rt_column_gaps=&#8220;&#8220; rt_row_shadows=&#8220;&#8220; rt_row_borders=&#8220;&#8220; rt_bg_effect=&#8220;classic&#8220; rt_bg_image_repeat=&#8220;repeat&#8220; rt_bg_size=&#8220;cover&#8220; rt_bg_position=&#8220;right top&#8220; rt_bg_attachment=&#8220;scroll&#8220; rt_bg_layer=&#8220;&#8220; rt_bg_video_format=&#8220;self-hosted&#8220;][vc_column rt_bg_effect=&#8220;classic&#8220; rt_bg_image_repeat=&#8220;repeat&#8220; rt_bg_size=&#8220;auto auto&#8220; rt_bg_position=&#8220;right top&#8220; rt_bg_attachment=&#8220;scroll&#8220;][vc_column_text]<strong>Datenschutzerkl\u00e4rung der Gesellschaft <b>Twoagency s.r.o.<\/b><\/strong><\/p>\n<p>Den Schutz Ihrer Daten nehmen wir ernst. Wir streben den maximalen Schutz und Sicherheit an, deswegen werden alle pers\u00f6nlichen Daten, die wir w\u00e4hrend Ihres Besuchs der Webseite www.twoagency.sk gewinnen, gem\u00e4\u00df Datenschutzgesetz Nr. 122\/2013 des GBl. der Slowakischen Republik verarbeitet.<\/p>\n<p><strong>SSL-Verschl\u00fcsselung und Schutz Ihrer pers\u00f6nlichen Daten<\/strong><\/p>\n<p>Zur Schutzsicherung und Verhinderung des Zutritts Dritter zu Ihren pers\u00f6nlichen Daten verwenden wir die Verschl\u00fcsselung. Das SSL-Protokoll (Secure Socket Layer) \u00fcbermittelt die gewonnenen pers\u00f6nlichen Daten in verschl\u00fcsselter Form und verifiziert zugleich ihre Authentizit\u00e4t, damit wir den ungew\u00fcnschten Datenmissbrauch durch Dritte vermeiden. Die Verschl\u00fcsselung mit dem SSL-Protokoll identifizieren Sie einfach in der Statuszeile Ihres Browsers, wo sie in der Form eines Piktogramms des geschlossenen Vorh\u00e4ngeschlosses erscheint und die jeweilige Webadresse mit der Abk\u00fcrzung https beginnt.<\/p>\n<p><strong>Kontaktformular<\/strong><\/p>\n<p>Unsere Gesellschaft Twoagency s.r.o. k\u00f6nnen Sie mittels des Kontaktformulars auf unserer Webseite www.twoagency.sk kontaktieren. Wir speichern und nutzen Ihre pers\u00f6nlichen Daten nur zum Zweck einer wiederholten Kontaktaufnahme. Bis wir von Ihnen eine schriftliche Erkl\u00e4rung \u00fcber die Ablehnung der Verarbeitung Ihrer pers\u00f6nlichen Daten erhalten, werden wir diese bei der Bearbeitung Ihrer Anfragen benutzen. Mittels des Kontaktformulars erheben wir folgende pers\u00f6nliche Daten: Vorname, Nachname, E-Mail-Adresse und Telefonnummer.<\/p>\n<p><strong>Newsletter und E-Mail-Versand der Neuigkeiten<\/strong><\/p>\n<p>Die Anmeldung zum regelm\u00e4\u00dfigen kostenfreien Versand unserer Firmennewsletter ist durch die Angabe Ihrer E-Mail-Adresse bedingt. Nach der Anmeldung erhalten Sie eine Best\u00e4tigungsmail, die man durch das Klicken auf den erhaltenen Link best\u00e4tigen muss. Erst ab diesem Moment werden Sie offiziell zum Bezieher unseres Newsletters. Ohne das Klicken auf den Best\u00e4tigungslink wird Ihre Registrierung nicht g\u00fcltig. Ihre pers\u00f6nlichen Daten benutzen wir ausschlie\u00dflich zum Versand der Newsletter, niemals \u00fcbergeben wir sie an Dritte.<\/p>\n<p>Durch das Klicken auf den Abmeldungslink am Ende unseres Newsletters k\u00f6nnen Sie Ihre pers\u00f6nlichen Daten \u00e4ndern oder l\u00f6schen. Nach der Best\u00e4tigung \u00e4ndern sich Ihre Daten gem\u00e4\u00df den angegebenen Pr\u00e4ferenzen oder sie werden aus unserer Datenbank gel\u00f6scht.<\/p>\n<p>Unseren Firmennewsletter k\u00f6nnen Sie jederzeit durch den Abmeldungslink im unteren Teil des Newsletters abmelden. Nach der Best\u00e4tigung der Abmeldung werden Ihre pers\u00f6nlichen Daten umgehend gel\u00f6scht. Den Antrag auf eine Abmeldung und das L\u00f6schen Ihrer pers\u00f6nlichen Daten aus unserer Datenbank k\u00f6nnen Sie auch direkt auf unsere E-Mail-Adresse info@twoagency.sk schicken.<\/p>\n<p><strong>Cookies und \u00e4hnliche Technologien<\/strong><\/p>\n<p><strong>Datenschutz und Web Locations<\/strong><\/p>\n<p>Beim Besuch unserer Webseite sammeln wir Daten und Informationen \u00fcber die Benutzer, insbesondere durch ausgew\u00e4hlte dritte Parteien \u2013 die Anbieter von analytischen Diensten. Diese dienen uns zum Tracking und zur Auswertung des Benutzerverfahrens auf unserer Webseite www.twoagency.sk. Dies erlaubt uns die gegenseitige Kombinierung einzelner Statistiken und somit gewinnen wir komplexe Informationen \u00fcber das Benutzen unseres Webs. Zu diesen Indikatoren geh\u00f6rt die IP-Adresse, geographische Lage, Typ des Browsers, Sprache des Browsers, Datum, Uhrzeiten der Besuche, Anzahl der Aufrufe der Webseiten und einzelner Unterseiten, Elemente der Webseiten, auf die die Besucher durch Klicken reagieren, und weiteres.<\/p>\n<p>Auf unserer Webseite und in den E-Mail-Nachrichten verwenden wir h\u00e4ufig die Funktion von kleinen Datendateien Cookies, Z\u00e4hlpixel wie Clear gif, Pixel-Tag oder Web Beacon und andere \u00e4hnliche Instrumente zur Datenerhebung und -analyse. Die oben genannten Daten verwenden wir zur Verbesserung unseres Web Contents und zur Erh\u00f6hung seiner Relevanz. Ebenfalls verwenden wir sie zur Messung der Effektivit\u00e4t unserer Werbungen, wir identifizieren und beheben Probleme und verbessern den allgemeinen Eindruck aus unserer Webseite.<\/p>\n<p>Bei der Online-Werbung nutzen wir die Dienste dritter Parteien \u2013 der Dienstanbieter. \u00dcblicherweise verwenden sie Z\u00e4hlpixel und \u00e4hnliche Funktionen, die die Daten \u00fcber Ihre Besuche der Webseite sammeln und diese nachfolgend zum Versand der zielgerichteten Werbung verwenden. Auf der Webseite Networkadvertising.org finden Sie Informationen \u00fcber die Methoden der Informationsverwendung und -erhebung und \u00fcber die Art, wie Sie die Informationserhebung beschr\u00e4nken oder g\u00e4nzlich widerrufen k\u00f6nnen. .<\/p>\n<p>Falls Sie der Datenerhebung \u00fcber Ihre Person mittels der obengenannten Technologien nicht zustimmen, k\u00f6nnen Sie in Ihrem Browser dank einer einfachen Vorgehensweise die Datenerhebung automatisch ablehnen. Die Mehrheit von Browsern bieten Ihnen die M\u00f6glichkeiten zur Auswahl, die Datenerhebung g\u00e4nzlich abzulehnen\/zu widerrufen, zu akzeptieren oder mit gewisser Beschr\u00e4nkung zu akzeptieren.<\/p>\n<p>Auf dem Gebiet der Europ\u00e4ischen Union ist es verpflichtend, die Einwilligung der Benutzer mit der Nutzung von Cookies auf allen Webseiten einzuholen. Die Benutzer haben die M\u00f6glichkeit, die Bedingungen der Einwilligung oder der Ablehnung von Cookies auf den Webseiten zu modifizieren. Es gibt jedoch auch solche Arten von Cookies, die f\u00fcr ein ordentliches Funktionieren der Webseiten notwendig sind und somit ihr Verbot oder ihre Ablehnung seitens der Benutzer nicht m\u00f6glich ist.<\/p>\n<p><strong>Datenschutz bei Verwendung von Analysetools<\/strong><\/p>\n<ul>\n<li>Die Dienste Google Analytics, Google Dynamic Remarketing und AdWords Conversions nutzen wir zur Erhebung von Statistiken \u00fcber die Lokalit\u00e4t der Benutzer, sowie anderer demographischen Indikatoren. Wir analysieren ihre Interessen und das Benehmen auf den gegebenen Webseiten, sowie sammeln die Informationen, \u00fcber welche Ger\u00e4te sich die Benutzer anschlie\u00dfen. Mithilfe des Tools Google Search Console erfahren wir, wie die Benutzer unsere Webseiten gefunden haben. Auf diese Weise optimieren wir auch unsere Suchmaschine. Erhalten Sie weitere Informationen \u00fcber die M\u00f6glichkeiten der Verwendung von obengenannten analytischen Daten. Ihre pers\u00f6nlichen Daten k\u00f6nnen Sie modifizieren oder durch den Widerruf der Einwilligung zu ihrer Verwendung g\u00e4nzlich ablehnen.<\/li>\n<li>Facebook AdReporting: dieser Dienst bietet anonymisierte Informationen \u00fcber Werbespots und \u00fcber die Anzahl von Personen, die das jeweilige Video gesehen, angeklickt oder darauf reagiert haben. Erhalten Sie weitere Informationen \u00fcber die M\u00f6glichkeiten der Verwendung von obengenannten analytischen Daten. Ihre pers\u00f6nlichen Daten k\u00f6nnen Sie modifizieren oder durch den Widerruf der Einwilligung zu ihrer Verwendung seitens des Dienstes Facebook AdReporting g\u00e4nzlich ablehnen.<\/li>\n<li>Facebook AudienceInsights: dieser Dienst zeigt die demographischen Informationen \u00fcber die Benutzer, bei denen unsere Werbung angezeigt wird. Die Untergrenze der Anzeigbarkeit f\u00e4ngt bei 1000 Personen an. Erhalten Sie weitere Informationen \u00fcber die M\u00f6glichkeiten der Verwendung von obengenannten analytischen Daten. Ihre pers\u00f6nlichen Daten k\u00f6nnen Sie modifizieren oder durch den Widerruf der Einwilligung zu ihrer Verwendung seitens des Dienstes Facebook AudienceInsights g\u00e4nzlich ablehnen.<\/li>\n<\/ul>\n<p><strong>Retargeting und Schutz Ihrer pers\u00f6nlichen Daten<\/strong><\/p>\n<p>Unsere Gesellschaft <b>Twoagency s.r.o.<\/b> nutzt auf Ihren Webseiten sog. Retargeting vom Dienst Facebook Pixel, das von der Gesellschaft Facebook betrieben wird. Dank Retargeting wird die Werbung denjenigen Besuchern angezeigt, die bereits auf gewisse Weise ein Interesse f\u00fcr unsere Services gezeigt haben.<\/p>\n<p><strong>Sozialnetzwerke und Schutz Ihrer pers\u00f6nlichen Daten<\/strong><\/p>\n<p>Auf der Webseite www.twoagency.sk und auf den Profilen von Twoagency auf den Sozialnetzwerken verwenden wir kleine Datendateien Cookies und \u00e4hnliche Mechanismen (Websignale), mithilfe von welchen wir Informationen \u00fcber das Benutzerverhalten und die Benutzungsweise von unseren Webseiten und Applikationen sammeln. Die Sozialnetzwerke, die Plug-in-Module und weitere Funktionen anbieten (Anmeldung zum Facebook, \u201eLike\u201c-Buttons, Freunde suchen mit Google), agieren wie Drittparteien.<\/p>\n<p>Jedes Sozialnetzwerk hat Regeln zum Datenschutz, die Sie auf den Webseiten der jeweiligen Netzwerke im Detail lesen k\u00f6nnen. Die Benutzung von Daten durch Dritte wird immer in den genannten Regeln behandelt. Dritte Parteien k\u00f6nnen verschiedene Arten von Tracking f\u00fcr eigene Zwecke verwenden, insbesondere mittels von Cookies. Es ist erlaubt, Informationen \u00fcber die Nutzung der Webseite mit anderen pers\u00f6nlichen Daten, die \u00fcber Sie gesammelt werden, zu verbinden. Es werden auch analytische Daten erheben, dank deren die Effektivit\u00e4t des Contents oder der Werbung auf den Sozialnetzwerken gemessen wird.<\/p>\n<p><strong>Weitervergabe pers\u00f6nlicher Daten an Dritte<\/strong><\/p>\n<p>Ihre pers\u00f6nlichen Daten ver\u00f6ffentlichen wir nicht. Ihre pers\u00f6nlichen Daten vergeben wir keinen dritten Personen, Subjekten und Organisationen. Die Ausnahme stellen Subjekte dar, mit denen wir im Rahmen der ordentlichen Effektuierung Ihres Auftrags zusammenarbeiten, und das im Einklang mit den gegebenen Vorschriften. Ihre pers\u00f6nlichen Daten werden immer nur einmalig und zum Zweck der Effektuierung der konkreten Angelegenheit zug\u00e4nglich gemacht.<\/p>\n<p>Gem\u00e4\u00df \u00a7 15 Abs. 1 lit. e) Nr. 3 und Nr. 4 werden Ihre pers\u00f6nlichen Daten im Rahmen der Effektuierung von Arbeits- und Finanzoperationen laut Gesetz und den zugeh\u00f6rigen Vorschriften folgenden Dritten zug\u00e4nglich gemacht:<\/p>\n<ul>\n<li>Buchhaltungsgesellschaft<\/li>\n<li>Bankgesellschaften<\/li>\n<\/ul>\n<p><strong>Kontakt<\/strong><\/p>\n<p>Betreiber der Webseiten www.twoagency.sk ist die Gesellschaft <b>Twoagency s.r.o.<\/b><\/p>\n<p>Informationen \u00fcber Verwendung und Schutz Ihrer pers\u00f6nlichen Daten \u00fcbermitteln wir Ihnen per E-Mail nach der Anfrage \u00fcber info@twoagency.sk oder auf der Rufnummer +421 910 264 925.<\/p>\n<p>&nbsp;<\/p>\n<p>Letzte Aktualisierung: 24.2.2021<\/p>\n<p>[\/vc_column_text][\/vc_column][\/vc_row]<\/p>\n","protected":false},"excerpt":{"rendered":"<p>[vc_row rt_row_background_width=&#8220;fullwidth&#8220; rt_row_content_width=&#8220;default&#8220; rt_row_style=&#8220;default-style&#8220; rt_row_height=&#8220;&#8220; rt_column_gaps=&#8220;&#8220; rt_row_shadows=&#8220;&#8220; rt_row_borders=&#8220;&#8220; rt_bg_effect=&#8220;classic&#8220; rt_bg_image_repeat=&#8220;repeat&#8220; rt_bg_size=&#8220;cover&#8220; rt_bg_position=&#8220;right top&#8220; rt_bg_attachment=&#8220;scroll&#8220; rt_bg_layer=&#8220;&#8220; [&hellip;]<\/p>\n","protected":false},"author":3,"featured_media":0,"parent":0,"menu_order":0,"comment_status":"closed","ping_status":"closed","template":"","meta":{"footnotes":""},"class_list":["post-5104","page","type-page","status-publish","hentry"],"yoast_head":"<!-- This site is optimized with the Yoast SEO plugin v27.3 - https:\/\/yoast.com\/product\/yoast-seo-wordpress\/ -->\n<title>Datenschutzerkl\u00e4rung der Gesellschaft | Twoagency<\/title>\n<meta name=\"robots\" content=\"index, follow, max-snippet:-1, max-image-preview:large, max-video-preview:-1\" \/>\n<link rel=\"canonical\" href=\"https:\/\/twoagency.sk\/de\/datenschutzerklaerung-der-gesellschaft\/\" \/>\n<meta property=\"og:locale\" content=\"de_DE\" \/>\n<meta property=\"og:type\" content=\"article\" \/>\n<meta property=\"og:title\" content=\"Datenschutzerkl\u00e4rung der Gesellschaft | Twoagency\" \/>\n<meta property=\"og:description\" content=\"[vc_row rt_row_background_width=&#8220;fullwidth&#8220; rt_row_content_width=&#8220;default&#8220; rt_row_style=&#8220;default-style&#8220; rt_row_height=&#8220;&#8220; rt_column_gaps=&#8220;&#8220; rt_row_shadows=&#8220;&#8220; rt_row_borders=&#8220;&#8220; rt_bg_effect=&#8220;classic&#8220; rt_bg_image_repeat=&#8220;repeat&#8220; rt_bg_size=&#8220;cover&#8220; rt_bg_position=&#8220;right top&#8220; rt_bg_attachment=&#8220;scroll&#8220; rt_bg_layer=&#8220;&#8220; [&hellip;]\" \/>\n<meta property=\"og:url\" content=\"https:\/\/twoagency.sk\/de\/datenschutzerklaerung-der-gesellschaft\/\" \/>\n<meta property=\"og:site_name\" content=\"Twoagency\" \/>\n<meta property=\"article:modified_time\" content=\"2021-02-24T12:57:23+00:00\" \/>\n<meta name=\"twitter:card\" content=\"summary_large_image\" \/>\n<meta name=\"twitter:label1\" content=\"Gesch\u00e4tzte Lesezeit\" \/>\n\t<meta name=\"twitter:data1\" content=\"7\u00a0Minuten\" \/>\n<script type=\"application\/ld+json\" class=\"yoast-schema-graph\">{\"@context\":\"https:\\\/\\\/schema.org\",\"@graph\":[{\"@type\":\"WebPage\",\"@id\":\"https:\\\/\\\/twoagency.sk\\\/de\\\/datenschutzerklaerung-der-gesellschaft\\\/\",\"url\":\"https:\\\/\\\/twoagency.sk\\\/de\\\/datenschutzerklaerung-der-gesellschaft\\\/\",\"name\":\"Datenschutzerkl\u00e4rung der Gesellschaft | Twoagency\",\"isPartOf\":{\"@id\":\"https:\\\/\\\/twoagency.sk\\\/#website\"},\"datePublished\":\"2019-09-10T06:26:05+00:00\",\"dateModified\":\"2021-02-24T12:57:23+00:00\",\"breadcrumb\":{\"@id\":\"https:\\\/\\\/twoagency.sk\\\/de\\\/datenschutzerklaerung-der-gesellschaft\\\/#breadcrumb\"},\"inLanguage\":\"de\",\"potentialAction\":[{\"@type\":\"ReadAction\",\"target\":[\"https:\\\/\\\/twoagency.sk\\\/de\\\/datenschutzerklaerung-der-gesellschaft\\\/\"]}]},{\"@type\":\"BreadcrumbList\",\"@id\":\"https:\\\/\\\/twoagency.sk\\\/de\\\/datenschutzerklaerung-der-gesellschaft\\\/#breadcrumb\",\"itemListElement\":[{\"@type\":\"ListItem\",\"position\":1,\"name\":\"Home\",\"item\":\"https:\\\/\\\/twoagency.sk\\\/de\\\/\"},{\"@type\":\"ListItem\",\"position\":2,\"name\":\"Datenschutzerkl\u00e4rung der Gesellschaft\"}]},{\"@type\":\"WebSite\",\"@id\":\"https:\\\/\\\/twoagency.sk\\\/#website\",\"url\":\"https:\\\/\\\/twoagency.sk\\\/\",\"name\":\"Twoagency\",\"description\":\"Reklamn\u00e1 agent\u00fara\",\"publisher\":{\"@id\":\"https:\\\/\\\/twoagency.sk\\\/#organization\"},\"potentialAction\":[{\"@type\":\"SearchAction\",\"target\":{\"@type\":\"EntryPoint\",\"urlTemplate\":\"https:\\\/\\\/twoagency.sk\\\/?s={search_term_string}\"},\"query-input\":{\"@type\":\"PropertyValueSpecification\",\"valueRequired\":true,\"valueName\":\"search_term_string\"}}],\"inLanguage\":\"de\"},{\"@type\":\"Organization\",\"@id\":\"https:\\\/\\\/twoagency.sk\\\/#organization\",\"name\":\"Twoagency\",\"url\":\"https:\\\/\\\/twoagency.sk\\\/\",\"logo\":{\"@type\":\"ImageObject\",\"inLanguage\":\"de\",\"@id\":\"https:\\\/\\\/twoagency.sk\\\/#\\\/schema\\\/logo\\\/image\\\/\",\"url\":\"https:\\\/\\\/twoagency.sk\\\/wp-content\\\/uploads\\\/2020\\\/05\\\/Two_Agency_logo_CMYK.jpg\",\"contentUrl\":\"https:\\\/\\\/twoagency.sk\\\/wp-content\\\/uploads\\\/2020\\\/05\\\/Two_Agency_logo_CMYK.jpg\",\"width\":1200,\"height\":1200,\"caption\":\"Twoagency\"},\"image\":{\"@id\":\"https:\\\/\\\/twoagency.sk\\\/#\\\/schema\\\/logo\\\/image\\\/\"}}]}<\/script>\n<!-- \/ Yoast SEO plugin. -->","yoast_head_json":{"title":"Datenschutzerkl\u00e4rung der Gesellschaft | Twoagency","robots":{"index":"index","follow":"follow","max-snippet":"max-snippet:-1","max-image-preview":"max-image-preview:large","max-video-preview":"max-video-preview:-1"},"canonical":"https:\/\/twoagency.sk\/de\/datenschutzerklaerung-der-gesellschaft\/","og_locale":"de_DE","og_type":"article","og_title":"Datenschutzerkl\u00e4rung der Gesellschaft | Twoagency","og_description":"[vc_row rt_row_background_width=&#8220;fullwidth&#8220; rt_row_content_width=&#8220;default&#8220; rt_row_style=&#8220;default-style&#8220; rt_row_height=&#8220;&#8220; rt_column_gaps=&#8220;&#8220; rt_row_shadows=&#8220;&#8220; rt_row_borders=&#8220;&#8220; rt_bg_effect=&#8220;classic&#8220; rt_bg_image_repeat=&#8220;repeat&#8220; rt_bg_size=&#8220;cover&#8220; rt_bg_position=&#8220;right top&#8220; rt_bg_attachment=&#8220;scroll&#8220; rt_bg_layer=&#8220;&#8220; [&hellip;]","og_url":"https:\/\/twoagency.sk\/de\/datenschutzerklaerung-der-gesellschaft\/","og_site_name":"Twoagency","article_modified_time":"2021-02-24T12:57:23+00:00","twitter_card":"summary_large_image","twitter_misc":{"Gesch\u00e4tzte Lesezeit":"7\u00a0Minuten"},"schema":{"@context":"https:\/\/schema.org","@graph":[{"@type":"WebPage","@id":"https:\/\/twoagency.sk\/de\/datenschutzerklaerung-der-gesellschaft\/","url":"https:\/\/twoagency.sk\/de\/datenschutzerklaerung-der-gesellschaft\/","name":"Datenschutzerkl\u00e4rung der Gesellschaft | Twoagency","isPartOf":{"@id":"https:\/\/twoagency.sk\/#website"},"datePublished":"2019-09-10T06:26:05+00:00","dateModified":"2021-02-24T12:57:23+00:00","breadcrumb":{"@id":"https:\/\/twoagency.sk\/de\/datenschutzerklaerung-der-gesellschaft\/#breadcrumb"},"inLanguage":"de","potentialAction":[{"@type":"ReadAction","target":["https:\/\/twoagency.sk\/de\/datenschutzerklaerung-der-gesellschaft\/"]}]},{"@type":"BreadcrumbList","@id":"https:\/\/twoagency.sk\/de\/datenschutzerklaerung-der-gesellschaft\/#breadcrumb","itemListElement":[{"@type":"ListItem","position":1,"name":"Home","item":"https:\/\/twoagency.sk\/de\/"},{"@type":"ListItem","position":2,"name":"Datenschutzerkl\u00e4rung der Gesellschaft"}]},{"@type":"WebSite","@id":"https:\/\/twoagency.sk\/#website","url":"https:\/\/twoagency.sk\/","name":"Twoagency","description":"Reklamn\u00e1 agent\u00fara","publisher":{"@id":"https:\/\/twoagency.sk\/#organization"},"potentialAction":[{"@type":"SearchAction","target":{"@type":"EntryPoint","urlTemplate":"https:\/\/twoagency.sk\/?s={search_term_string}"},"query-input":{"@type":"PropertyValueSpecification","valueRequired":true,"valueName":"search_term_string"}}],"inLanguage":"de"},{"@type":"Organization","@id":"https:\/\/twoagency.sk\/#organization","name":"Twoagency","url":"https:\/\/twoagency.sk\/","logo":{"@type":"ImageObject","inLanguage":"de","@id":"https:\/\/twoagency.sk\/#\/schema\/logo\/image\/","url":"https:\/\/twoagency.sk\/wp-content\/uploads\/2020\/05\/Two_Agency_logo_CMYK.jpg","contentUrl":"https:\/\/twoagency.sk\/wp-content\/uploads\/2020\/05\/Two_Agency_logo_CMYK.jpg","width":1200,"height":1200,"caption":"Twoagency"},"image":{"@id":"https:\/\/twoagency.sk\/#\/schema\/logo\/image\/"}}]}},"_links":{"self":[{"href":"https:\/\/twoagency.sk\/de\/wp-json\/wp\/v2\/pages\/5104","targetHints":{"allow":["GET"]}}],"collection":[{"href":"https:\/\/twoagency.sk\/de\/wp-json\/wp\/v2\/pages"}],"about":[{"href":"https:\/\/twoagency.sk\/de\/wp-json\/wp\/v2\/types\/page"}],"author":[{"embeddable":true,"href":"https:\/\/twoagency.sk\/de\/wp-json\/wp\/v2\/users\/3"}],"replies":[{"embeddable":true,"href":"https:\/\/twoagency.sk\/de\/wp-json\/wp\/v2\/comments?post=5104"}],"version-history":[{"count":2,"href":"https:\/\/twoagency.sk\/de\/wp-json\/wp\/v2\/pages\/5104\/revisions"}],"predecessor-version":[{"id":8221,"href":"https:\/\/twoagency.sk\/de\/wp-json\/wp\/v2\/pages\/5104\/revisions\/8221"}],"wp:attachment":[{"href":"https:\/\/twoagency.sk\/de\/wp-json\/wp\/v2\/media?parent=5104"}],"curies":[{"name":"wp","href":"https:\/\/api.w.org\/{rel}","templated":true}]}}