{"id":5137,"date":"2019-08-28T13:15:30","date_gmt":"2019-08-28T11:15:30","guid":{"rendered":"http:\/\/twoagency.sk\/screen-printing\/"},"modified":"2019-10-02T10:10:28","modified_gmt":"2019-10-02T08:10:28","slug":"siebdruck","status":"publish","type":"page","link":"https:\/\/twoagency.sk\/de\/services\/siebdruck\/","title":{"rendered":"Siebdruck"},"content":{"rendered":"<p>[vc_row rt_row_background_width=&#8220;fullwidth&#8220; rt_row_content_width=&#8220;default&#8220; rt_row_style=&#8220;default-style&#8220; rt_row_height=&#8220;&#8220; rt_column_gaps=&#8220;&#8220; rt_row_shadows=&#8220;&#8220; rt_row_borders=&#8220;&#8220; rt_bg_effect=&#8220;classic&#8220; rt_bg_image_repeat=&#8220;repeat&#8220; rt_bg_size=&#8220;cover&#8220; rt_bg_position=&#8220;right top&#8220; rt_bg_attachment=&#8220;scroll&#8220; rt_bg_layer=&#8220;&#8220; rt_bg_video_format=&#8220;self-hosted&#8220;][vc_column rt_bg_effect=&#8220;classic&#8220; rt_bg_image_repeat=&#8220;repeat&#8220; rt_bg_size=&#8220;auto auto&#8220; rt_bg_position=&#8220;right top&#8220; rt_bg_attachment=&#8220;scroll&#8220;][vc_column_text]<strong>Den Begriff kennt jeder, aber nur wenige wissen, wie diese Methode eigentlich funktioniert. Ihre Einzigartigkeit beruht in dem perfekten Ergebnis, das sie bringt.<\/strong>.<\/p>\n<p><img fetchpriority=\"high\" decoding=\"async\" class=\"alignright size-medium wp-image-4997\" src=\"http:\/\/twoagency.sk\/wp-content\/uploads\/2019\/09\/jpgfo-222x300.jpg\" alt=\"\" width=\"222\" height=\"300\" srcset=\"https:\/\/twoagency.sk\/wp-content\/uploads\/2019\/09\/jpgfo-222x300.jpg 222w, https:\/\/twoagency.sk\/wp-content\/uploads\/2019\/09\/jpgfo-355x480.jpg 355w, https:\/\/twoagency.sk\/wp-content\/uploads\/2019\/09\/jpgfo.jpg 711w\" sizes=\"(max-width: 222px) 100vw, 222px\" \/>Wir erstellen Bedruckung auf T-Shirts, Kapuzenpullis, Taschen und anderes Textil. All das h\u00e4ndisch, m\u00fchevoll, ehrenhaft und mit der Garantie langanhaltender lebhafter Farben. Den Siebdruck machen wir direkt in unserer Manufaktur. Es handelt sich um eine sehr detaillierte und pr\u00e4zise Arbeit, die Erfahrung und Geduld erfordert. Die Belohnung stellen perfekte Muster und langanhaltende Farben dar, die auch h\u00e4ufigem Waschen standhalten. Den Siebdruck auf Textil k\u00f6nnen Sie bei uns schon ab 30 St\u00fcck bestellen. Wir spezialisieren uns auch an Merch Kollektionen f\u00fcr Bands. Wir helfen Ihnen ebenfalls mit dem Designentwurf.[\/vc_column_text][\/vc_column][\/vc_row][vc_row rt_row_background_width=&#8220;fullwidth&#8220; rt_row_content_width=&#8220;default&#8220; rt_row_style=&#8220;default-style&#8220; rt_row_height=&#8220;&#8220; rt_column_gaps=&#8220;&#8220; rt_row_shadows=&#8220;&#8220; rt_row_borders=&#8220;&#8220; rt_bg_effect=&#8220;classic&#8220; rt_bg_image_repeat=&#8220;repeat&#8220; rt_bg_size=&#8220;cover&#8220; rt_bg_position=&#8220;right top&#8220; rt_bg_attachment=&#8220;scroll&#8220; rt_bg_layer=&#8220;&#8220; rt_bg_video_format=&#8220;self-hosted&#8220;][vc_column rt_bg_effect=&#8220;classic&#8220; rt_bg_image_repeat=&#8220;repeat&#8220; rt_bg_size=&#8220;auto auto&#8220; rt_bg_position=&#8220;right top&#8220; rt_bg_attachment=&#8220;scroll&#8220;][vc_cta h2=&#8220;Wir bedrucken T-Shirts h\u00e4ndisch, mit einer professionellen Genauigkeit und mit Liebe zum Handwerk.&#8220; h2_font_container=&#8220;font_size:25px|color:%23ffffff&#8220; h2_use_theme_fonts=&#8220;yes&#8220; shape=&#8220;square&#8220; color=&#8220;blue&#8220; add_button=&#8220;bottom&#8220; btn_title=&#8220;Kontaktieren Sie uns&#8220; btn_shape=&#8220;round&#8220; btn_color=&#8220;primary&#8220; btn_size=&#8220;lg&#8220; use_custom_fonts_h2=&#8220;true&#8220; btn_link=&#8220;url:https%3A%2F%2Ftwoagency.sk%2Fde%2Fkontakt%2F|title:KONTAKT||&#8220; css=&#8220;.vc_custom_1570003823322{background-color: #1e1e1e !important;}&#8220;]<span style=\"color: #d1d1d1;\">Perfekte Bedruckung und lebhafte Farben<br \/>\n<\/span>[\/vc_cta][\/vc_column][\/vc_row]<\/p>\n","protected":false},"excerpt":{"rendered":"<p>[vc_row rt_row_background_width=&#8220;fullwidth&#8220; rt_row_content_width=&#8220;default&#8220; rt_row_style=&#8220;default-style&#8220; rt_row_height=&#8220;&#8220; rt_column_gaps=&#8220;&#8220; rt_row_shadows=&#8220;&#8220; rt_row_borders=&#8220;&#8220; rt_bg_effect=&#8220;classic&#8220; rt_bg_image_repeat=&#8220;repeat&#8220; rt_bg_size=&#8220;cover&#8220; rt_bg_position=&#8220;right top&#8220; rt_bg_attachment=&#8220;scroll&#8220; rt_bg_layer=&#8220;&#8220; [&hellip;]<\/p>\n","protected":false},"author":3,"featured_media":0,"parent":5083,"menu_order":0,"comment_status":"closed","ping_status":"closed","template":"","meta":{"footnotes":""},"class_list":["post-5137","page","type-page","status-publish","hentry"],"yoast_head":"<!-- This site is optimized with the Yoast SEO plugin v27.3 - https:\/\/yoast.com\/product\/yoast-seo-wordpress\/ -->\n<title>Siebdruck | Twoagency<\/title>\n<meta name=\"robots\" content=\"index, follow, max-snippet:-1, max-image-preview:large, max-video-preview:-1\" \/>\n<link rel=\"canonical\" href=\"https:\/\/twoagency.sk\/de\/services\/siebdruck\/\" \/>\n<meta property=\"og:locale\" content=\"de_DE\" \/>\n<meta property=\"og:type\" content=\"article\" \/>\n<meta property=\"og:title\" content=\"Siebdruck | Twoagency\" \/>\n<meta property=\"og:description\" content=\"[vc_row rt_row_background_width=&#8220;fullwidth&#8220; rt_row_content_width=&#8220;default&#8220; rt_row_style=&#8220;default-style&#8220; rt_row_height=&#8220;&#8220; rt_column_gaps=&#8220;&#8220; rt_row_shadows=&#8220;&#8220; rt_row_borders=&#8220;&#8220; rt_bg_effect=&#8220;classic&#8220; rt_bg_image_repeat=&#8220;repeat&#8220; rt_bg_size=&#8220;cover&#8220; rt_bg_position=&#8220;right top&#8220; rt_bg_attachment=&#8220;scroll&#8220; rt_bg_layer=&#8220;&#8220; [&hellip;]\" \/>\n<meta property=\"og:url\" content=\"https:\/\/twoagency.sk\/de\/services\/siebdruck\/\" \/>\n<meta property=\"og:site_name\" content=\"Twoagency\" \/>\n<meta property=\"article:modified_time\" content=\"2019-10-02T08:10:28+00:00\" \/>\n<meta property=\"og:image\" content=\"http:\/\/twoagency.sk\/wp-content\/uploads\/2019\/09\/jpgfo-222x300.jpg\" \/>\n<meta name=\"twitter:card\" content=\"summary_large_image\" \/>\n<meta name=\"twitter:label1\" content=\"Gesch\u00e4tzte Lesezeit\" \/>\n\t<meta name=\"twitter:data1\" content=\"2\u00a0Minuten\" \/>\n<script type=\"application\/ld+json\" class=\"yoast-schema-graph\">{\"@context\":\"https:\\\/\\\/schema.org\",\"@graph\":[{\"@type\":\"WebPage\",\"@id\":\"https:\\\/\\\/twoagency.sk\\\/de\\\/services\\\/siebdruck\\\/\",\"url\":\"https:\\\/\\\/twoagency.sk\\\/de\\\/services\\\/siebdruck\\\/\",\"name\":\"Siebdruck | Twoagency\",\"isPartOf\":{\"@id\":\"https:\\\/\\\/twoagency.sk\\\/#website\"},\"primaryImageOfPage\":{\"@id\":\"https:\\\/\\\/twoagency.sk\\\/de\\\/services\\\/siebdruck\\\/#primaryimage\"},\"image\":{\"@id\":\"https:\\\/\\\/twoagency.sk\\\/de\\\/services\\\/siebdruck\\\/#primaryimage\"},\"thumbnailUrl\":\"http:\\\/\\\/twoagency.sk\\\/wp-content\\\/uploads\\\/2019\\\/09\\\/jpgfo-222x300.jpg\",\"datePublished\":\"2019-08-28T11:15:30+00:00\",\"dateModified\":\"2019-10-02T08:10:28+00:00\",\"breadcrumb\":{\"@id\":\"https:\\\/\\\/twoagency.sk\\\/de\\\/services\\\/siebdruck\\\/#breadcrumb\"},\"inLanguage\":\"de\",\"potentialAction\":[{\"@type\":\"ReadAction\",\"target\":[\"https:\\\/\\\/twoagency.sk\\\/de\\\/services\\\/siebdruck\\\/\"]}]},{\"@type\":\"ImageObject\",\"inLanguage\":\"de\",\"@id\":\"https:\\\/\\\/twoagency.sk\\\/de\\\/services\\\/siebdruck\\\/#primaryimage\",\"url\":\"http:\\\/\\\/twoagency.sk\\\/wp-content\\\/uploads\\\/2019\\\/09\\\/jpgfo-222x300.jpg\",\"contentUrl\":\"http:\\\/\\\/twoagency.sk\\\/wp-content\\\/uploads\\\/2019\\\/09\\\/jpgfo-222x300.jpg\"},{\"@type\":\"BreadcrumbList\",\"@id\":\"https:\\\/\\\/twoagency.sk\\\/de\\\/services\\\/siebdruck\\\/#breadcrumb\",\"itemListElement\":[{\"@type\":\"ListItem\",\"position\":1,\"name\":\"Home\",\"item\":\"https:\\\/\\\/twoagency.sk\\\/de\\\/\"},{\"@type\":\"ListItem\",\"position\":2,\"name\":\"Unsere Dienstleistungen\",\"item\":\"https:\\\/\\\/twoagency.sk\\\/de\\\/services\\\/\"},{\"@type\":\"ListItem\",\"position\":3,\"name\":\"Siebdruck\"}]},{\"@type\":\"WebSite\",\"@id\":\"https:\\\/\\\/twoagency.sk\\\/#website\",\"url\":\"https:\\\/\\\/twoagency.sk\\\/\",\"name\":\"Twoagency\",\"description\":\"Reklamn\u00e1 agent\u00fara\",\"publisher\":{\"@id\":\"https:\\\/\\\/twoagency.sk\\\/#organization\"},\"potentialAction\":[{\"@type\":\"SearchAction\",\"target\":{\"@type\":\"EntryPoint\",\"urlTemplate\":\"https:\\\/\\\/twoagency.sk\\\/?s={search_term_string}\"},\"query-input\":{\"@type\":\"PropertyValueSpecification\",\"valueRequired\":true,\"valueName\":\"search_term_string\"}}],\"inLanguage\":\"de\"},{\"@type\":\"Organization\",\"@id\":\"https:\\\/\\\/twoagency.sk\\\/#organization\",\"name\":\"Twoagency\",\"url\":\"https:\\\/\\\/twoagency.sk\\\/\",\"logo\":{\"@type\":\"ImageObject\",\"inLanguage\":\"de\",\"@id\":\"https:\\\/\\\/twoagency.sk\\\/#\\\/schema\\\/logo\\\/image\\\/\",\"url\":\"https:\\\/\\\/twoagency.sk\\\/wp-content\\\/uploads\\\/2020\\\/05\\\/Two_Agency_logo_CMYK.jpg\",\"contentUrl\":\"https:\\\/\\\/twoagency.sk\\\/wp-content\\\/uploads\\\/2020\\\/05\\\/Two_Agency_logo_CMYK.jpg\",\"width\":1200,\"height\":1200,\"caption\":\"Twoagency\"},\"image\":{\"@id\":\"https:\\\/\\\/twoagency.sk\\\/#\\\/schema\\\/logo\\\/image\\\/\"}}]}<\/script>\n<!-- \/ Yoast SEO plugin. -->","yoast_head_json":{"title":"Siebdruck | Twoagency","robots":{"index":"index","follow":"follow","max-snippet":"max-snippet:-1","max-image-preview":"max-image-preview:large","max-video-preview":"max-video-preview:-1"},"canonical":"https:\/\/twoagency.sk\/de\/services\/siebdruck\/","og_locale":"de_DE","og_type":"article","og_title":"Siebdruck | Twoagency","og_description":"[vc_row rt_row_background_width=&#8220;fullwidth&#8220; rt_row_content_width=&#8220;default&#8220; rt_row_style=&#8220;default-style&#8220; rt_row_height=&#8220;&#8220; rt_column_gaps=&#8220;&#8220; rt_row_shadows=&#8220;&#8220; rt_row_borders=&#8220;&#8220; rt_bg_effect=&#8220;classic&#8220; rt_bg_image_repeat=&#8220;repeat&#8220; rt_bg_size=&#8220;cover&#8220; rt_bg_position=&#8220;right top&#8220; rt_bg_attachment=&#8220;scroll&#8220; rt_bg_layer=&#8220;&#8220; [&hellip;]","og_url":"https:\/\/twoagency.sk\/de\/services\/siebdruck\/","og_site_name":"Twoagency","article_modified_time":"2019-10-02T08:10:28+00:00","og_image":[{"url":"http:\/\/twoagency.sk\/wp-content\/uploads\/2019\/09\/jpgfo-222x300.jpg","type":"","width":"","height":""}],"twitter_card":"summary_large_image","twitter_misc":{"Gesch\u00e4tzte Lesezeit":"2\u00a0Minuten"},"schema":{"@context":"https:\/\/schema.org","@graph":[{"@type":"WebPage","@id":"https:\/\/twoagency.sk\/de\/services\/siebdruck\/","url":"https:\/\/twoagency.sk\/de\/services\/siebdruck\/","name":"Siebdruck | Twoagency","isPartOf":{"@id":"https:\/\/twoagency.sk\/#website"},"primaryImageOfPage":{"@id":"https:\/\/twoagency.sk\/de\/services\/siebdruck\/#primaryimage"},"image":{"@id":"https:\/\/twoagency.sk\/de\/services\/siebdruck\/#primaryimage"},"thumbnailUrl":"http:\/\/twoagency.sk\/wp-content\/uploads\/2019\/09\/jpgfo-222x300.jpg","datePublished":"2019-08-28T11:15:30+00:00","dateModified":"2019-10-02T08:10:28+00:00","breadcrumb":{"@id":"https:\/\/twoagency.sk\/de\/services\/siebdruck\/#breadcrumb"},"inLanguage":"de","potentialAction":[{"@type":"ReadAction","target":["https:\/\/twoagency.sk\/de\/services\/siebdruck\/"]}]},{"@type":"ImageObject","inLanguage":"de","@id":"https:\/\/twoagency.sk\/de\/services\/siebdruck\/#primaryimage","url":"http:\/\/twoagency.sk\/wp-content\/uploads\/2019\/09\/jpgfo-222x300.jpg","contentUrl":"http:\/\/twoagency.sk\/wp-content\/uploads\/2019\/09\/jpgfo-222x300.jpg"},{"@type":"BreadcrumbList","@id":"https:\/\/twoagency.sk\/de\/services\/siebdruck\/#breadcrumb","itemListElement":[{"@type":"ListItem","position":1,"name":"Home","item":"https:\/\/twoagency.sk\/de\/"},{"@type":"ListItem","position":2,"name":"Unsere Dienstleistungen","item":"https:\/\/twoagency.sk\/de\/services\/"},{"@type":"ListItem","position":3,"name":"Siebdruck"}]},{"@type":"WebSite","@id":"https:\/\/twoagency.sk\/#website","url":"https:\/\/twoagency.sk\/","name":"Twoagency","description":"Reklamn\u00e1 agent\u00fara","publisher":{"@id":"https:\/\/twoagency.sk\/#organization"},"potentialAction":[{"@type":"SearchAction","target":{"@type":"EntryPoint","urlTemplate":"https:\/\/twoagency.sk\/?s={search_term_string}"},"query-input":{"@type":"PropertyValueSpecification","valueRequired":true,"valueName":"search_term_string"}}],"inLanguage":"de"},{"@type":"Organization","@id":"https:\/\/twoagency.sk\/#organization","name":"Twoagency","url":"https:\/\/twoagency.sk\/","logo":{"@type":"ImageObject","inLanguage":"de","@id":"https:\/\/twoagency.sk\/#\/schema\/logo\/image\/","url":"https:\/\/twoagency.sk\/wp-content\/uploads\/2020\/05\/Two_Agency_logo_CMYK.jpg","contentUrl":"https:\/\/twoagency.sk\/wp-content\/uploads\/2020\/05\/Two_Agency_logo_CMYK.jpg","width":1200,"height":1200,"caption":"Twoagency"},"image":{"@id":"https:\/\/twoagency.sk\/#\/schema\/logo\/image\/"}}]}},"_links":{"self":[{"href":"https:\/\/twoagency.sk\/de\/wp-json\/wp\/v2\/pages\/5137","targetHints":{"allow":["GET"]}}],"collection":[{"href":"https:\/\/twoagency.sk\/de\/wp-json\/wp\/v2\/pages"}],"about":[{"href":"https:\/\/twoagency.sk\/de\/wp-json\/wp\/v2\/types\/page"}],"author":[{"embeddable":true,"href":"https:\/\/twoagency.sk\/de\/wp-json\/wp\/v2\/users\/3"}],"replies":[{"embeddable":true,"href":"https:\/\/twoagency.sk\/de\/wp-json\/wp\/v2\/comments?post=5137"}],"version-history":[{"count":3,"href":"https:\/\/twoagency.sk\/de\/wp-json\/wp\/v2\/pages\/5137\/revisions"}],"predecessor-version":[{"id":5406,"href":"https:\/\/twoagency.sk\/de\/wp-json\/wp\/v2\/pages\/5137\/revisions\/5406"}],"up":[{"embeddable":true,"href":"https:\/\/twoagency.sk\/de\/wp-json\/wp\/v2\/pages\/5083"}],"wp:attachment":[{"href":"https:\/\/twoagency.sk\/de\/wp-json\/wp\/v2\/media?parent=5137"}],"curies":[{"name":"wp","href":"https:\/\/api.w.org\/{rel}","templated":true}]}}